{"id":331,"date":"2024-07-09T16:51:58","date_gmt":"2024-07-09T14:51:58","guid":{"rendered":"https:\/\/avava.myskydoowebsite.com\/?page_id=331"},"modified":"2025-06-24T14:08:10","modified_gmt":"2025-06-24T12:08:10","slug":"debit-direct","status":"publish","type":"page","link":"https:\/\/avava.center\/ro\/domiciliation\/","title":{"rendered":"Domiciliere"},"content":{"rendered":"<div data-elementor-type=\"wp-page\" data-elementor-id=\"331\" class=\"elementor elementor-331\" data-elementor-post-type=\"page\">\n\t\t\t\t<div data-particle_enable=\"false\" data-particle-mobile-disabled=\"false\" class=\"elementor-element elementor-element-e314881 e-flex e-con-boxed e-con e-parent\" data-id=\"e314881\" data-element_type=\"container\" data-e-type=\"container\" data-settings=\"{&quot;background_background&quot;:&quot;classic&quot;}\">\n\t\t\t\t\t<div class=\"e-con-inner\">\n\t\t<div data-particle_enable=\"false\" data-particle-mobile-disabled=\"false\" class=\"elementor-element elementor-element-b096138 e-con-full e-flex e-con e-child\" data-id=\"b096138\" data-element_type=\"container\" data-e-type=\"container\">\n\t\t<div data-particle_enable=\"false\" data-particle-mobile-disabled=\"false\" class=\"elementor-element elementor-element-520fb40 e-con-full e-flex e-con e-child\" data-id=\"520fb40\" data-element_type=\"container\" data-e-type=\"container\">\n\t\t<div data-particle_enable=\"false\" data-particle-mobile-disabled=\"false\" class=\"elementor-element elementor-element-995d8af e-con-full e-flex elementor-invisible e-con e-child\" data-id=\"995d8af\" data-element_type=\"container\" data-e-type=\"container\" data-settings=\"{&quot;animation&quot;:&quot;fadeInLeft&quot;}\">\n\t\t\t\t<div class=\"elementor-element elementor-element-f2b6cff elementor-widget elementor-widget-html\" data-id=\"f2b6cff\" data-element_type=\"widget\" data-e-type=\"widget\" data-widget_type=\"html.default\">\n\t\t\t\t<div class=\"elementor-widget-container\">\n\t\t\t\t\t<h2 style=\"position: absolute; left: -9999px; top: auto; width: 1px; height: 1px; overflow: hidden;\">\r\n  Domiciliul societ\u0103\u021bii cu adresa comercial\u0103 \u00een Belgia\r\n<\/h2>\r\n\t\t\t\t<\/div>\n\t\t\t\t<\/div>\n\t\t\t\t<div class=\"elementor-element elementor-element-39badc5 elementor-widget elementor-widget-heading\" data-id=\"39badc5\" data-element_type=\"widget\" data-e-type=\"widget\" data-widget_type=\"heading.default\">\n\t\t\t\t<div class=\"elementor-widget-container\">\n\t\t\t\t\t<h1 class=\"elementor-heading-title elementor-size-default\">Domiciliere<\/h1>\t\t\t\t<\/div>\n\t\t\t\t<\/div>\n\t\t\t\t<div class=\"elementor-element elementor-element-a813ee3 elementor-widget-divider--view-line elementor-widget elementor-widget-divider\" data-id=\"a813ee3\" data-element_type=\"widget\" data-e-type=\"widget\" data-widget_type=\"divider.default\">\n\t\t\t\t<div class=\"elementor-widget-container\">\n\t\t\t\t\t\t\t<div class=\"elementor-divider\">\n\t\t\t<span class=\"elementor-divider-separator\">\n\t\t\t\t\t\t<\/span>\n\t\t<\/div>\n\t\t\t\t\t\t<\/div>\n\t\t\t\t<\/div>\n\t\t\t\t<div class=\"elementor-element elementor-element-f77114c elementor-widget elementor-widget-heading\" data-id=\"f77114c\" data-element_type=\"widget\" data-e-type=\"widget\" data-widget_type=\"heading.default\">\n\t\t\t\t<div class=\"elementor-widget-container\">\n\t\t\t\t\t<h2 class=\"elementor-heading-title elementor-size-default\">Ce este domicilierea?<\/h2>\t\t\t\t<\/div>\n\t\t\t\t<\/div>\n\t\t\t\t<div class=\"elementor-element elementor-element-d34dc11 elementor-align-left elementor-widget elementor-widget-button\" data-id=\"d34dc11\" data-element_type=\"widget\" data-e-type=\"widget\" data-widget_type=\"button.default\">\n\t\t\t\t<div class=\"elementor-widget-container\">\n\t\t\t\t\t\t\t\t\t<div class=\"elementor-button-wrapper\">\n\t\t\t\t\t<a class=\"elementor-button elementor-button-link elementor-size-sm elementor-animation-grow\" href=\"#scroll\">\n\t\t\t\t\t\t<span class=\"elementor-button-content-wrapper\">\n\t\t\t\t\t\t\t\t\t<span class=\"elementor-button-text\">Afla\u021bi mai multe<\/span>\n\t\t\t\t\t<\/span>\n\t\t\t\t\t<\/a>\n\t\t\t\t<\/div>\n\t\t\t\t\t\t\t\t<\/div>\n\t\t\t\t<\/div>\n\t\t\t\t<\/div>\n\t\t<div data-particle_enable=\"false\" data-particle-mobile-disabled=\"false\" class=\"elementor-element elementor-element-3ec97a3 e-con-full elementor-hidden-tablet elementor-hidden-mobile e-flex elementor-invisible e-con e-child\" data-id=\"3ec97a3\" data-element_type=\"container\" data-e-type=\"container\" data-settings=\"{&quot;animation&quot;:&quot;fadeInRight&quot;}\">\n\t\t\t\t<div class=\"elementor-element elementor-element-6055331 elementor-hidden-mobile elementor-widget elementor-widget-image\" data-id=\"6055331\" data-element_type=\"widget\" data-e-type=\"widget\" data-settings=\"{&quot;motion_fx_motion_fx_mouse&quot;:&quot;yes&quot;,&quot;motion_fx_mouseTrack_effect&quot;:&quot;yes&quot;,&quot;motion_fx_mouseTrack_speed&quot;:{&quot;unit&quot;:&quot;px&quot;,&quot;size&quot;:0.1,&quot;sizes&quot;:[]}}\" data-widget_type=\"image.default\">\n\t\t\t\t<div class=\"elementor-widget-container\">\n\t\t\t\t\t\t\t\t\t\t\t\t\t\t\t<img fetchpriority=\"high\" decoding=\"async\" width=\"656\" height=\"216\" src=\"https:\/\/avava.center\/wp-content\/uploads\/logo-avava-png-YNqJVOXevwCRExqn.avif\" class=\"attachment-large size-large wp-image-306\" alt=\"avava\" title=\"\">\t\t\t\t\t\t\t\t\t\t\t\t\t\t\t<\/div>\n\t\t\t\t<\/div>\n\t\t\t\t<\/div>\n\t\t\t\t<\/div>\n\t\t\t\t<\/div>\n\t\t\t\t\t<\/div>\n\t\t\t\t<\/div>\n\t\t<div data-particle_enable=\"false\" data-particle-mobile-disabled=\"false\" class=\"elementor-element elementor-element-46aef40 e-con-full e-flex e-con e-parent\" data-id=\"46aef40\" data-element_type=\"container\" data-e-type=\"container\" id=\"scroll\">\n\t\t\t\t<div class=\"elementor-element elementor-element-29704d1 elementor-widget elementor-widget-heading\" data-id=\"29704d1\" data-element_type=\"widget\" data-e-type=\"widget\" data-widget_type=\"heading.default\">\n\t\t\t\t<div class=\"elementor-widget-container\">\n\t\t\t\t\t<h3 class=\"elementor-heading-title elementor-size-default\">Domicilierea societ\u0103\u021bii\n<\/h3>\t\t\t\t<\/div>\n\t\t\t\t<\/div>\n\t\t\t\t<div class=\"elementor-element elementor-element-7b9f089 elementor-widget-divider--view-line elementor-widget elementor-widget-divider\" data-id=\"7b9f089\" data-element_type=\"widget\" data-e-type=\"widget\" data-widget_type=\"divider.default\">\n\t\t\t\t<div class=\"elementor-widget-container\">\n\t\t\t\t\t\t\t<div class=\"elementor-divider\">\n\t\t\t<span class=\"elementor-divider-separator\">\n\t\t\t\t\t\t<\/span>\n\t\t<\/div>\n\t\t\t\t\t\t<\/div>\n\t\t\t\t<\/div>\n\t\t\t\t<div class=\"elementor-element elementor-element-89ad2c0 elementor-widget elementor-widget-text-editor\" data-id=\"89ad2c0\" data-element_type=\"widget\" data-e-type=\"widget\" data-widget_type=\"text-editor.default\">\n\t\t\t\t<div class=\"elementor-widget-container\">\n\t\t\t\t\t\t\t\t\t<p class=\"body\" dir=\"auto\">Orice societate \u00eenregistrat\u0103 \u00een Belgia trebuie s\u0103 aib\u0103 un sediu social fizic \u00een Regatul Belgiei.<\/p><p class=\"body\" dir=\"auto\">Sediul social este sediul social al societ\u0103\u021bii, cu alte cuvinte, locul unde ajunge coresponden\u021ba societ\u0103\u021bii \u0219i unde sunt p\u0103strate toate documentele sale juridice (statutul, registrele ac\u021bionarilor, documentele contabile).<\/p><p class=\"body\" dir=\"auto\"><strong>Cum func\u021bioneaz\u0103 domiciliul societ\u0103\u021bii?<\/strong><\/p><p class=\"body\" dir=\"auto\">Odat\u0103 ce a\u021bi semnat contractul de domiciliere, ve\u021bi avea propria adres\u0103 pentru societatea dvs., iar denumirea \u0219i adresa societ\u0103\u021bii dvs. vor fi datele dvs. oficiale de afaceri, pe care le pute\u021bi utiliza peste tot: pe site-ul dvs. web, pe pliante, pe c\u0103r\u021bi de vizit\u0103, \u00een coresponden\u021ba cu autorit\u0103\u021bile etc.<\/p><p class=\"body\" dir=\"auto\"><strong>Exist\u0103 condi\u021bii care trebuie \u00eendeplinite \u00eenainte de a-mi putea \u00eenregistra societatea?<\/strong><\/p><p class=\"body\" dir=\"auto\">Pentru a v\u0103 putea stabili sediul social, trebuie s\u0103 :<\/p><p class=\"body\" dir=\"auto\">- Av\u00e2nd o companie real\u0103<\/p><p class=\"body\" dir=\"auto\">- au un num\u0103r de TVA (cu excep\u021bia cazului \u00een care au fost constituite recent)<\/p><p class=\"body\" dir=\"auto\">- S\u0103 fi\u021bi \u00eenregistrat la Crossroads Bank for Enterprises in Belgium (CBE)<\/p><p class=\"body\" dir=\"auto\"><strong>Nu am \u00eenc\u0103 un num\u0103r de TVA, este asta o problem\u0103?<\/strong><\/p><p class=\"body\" dir=\"auto\"><strong>Deloc<\/strong>. Mul\u021bi dintre clien\u021bii no\u0219tri sunt \u00een aceast\u0103 situa\u021bie! Ve\u021bi primi adresa pe care s\u0103 o trimite\u021bi notarului. Imediat ce v-a\u021bi activat num\u0103rul de TVA, v\u0103 furniz\u0103m factura. Acest lucru v\u0103 permite s\u0103 include\u021bi aceast\u0103 cheltuial\u0103 \u00een costurile companiei.<\/p><p class=\"body\" dir=\"auto\"><strong>Oamenii \u00ee\u0219i pot stabili re\u0219edin\u021ba privat\u0103 \u00een centrul de afaceri?<\/strong><\/p><p class=\"body\" dir=\"auto\"><strong><u>Nu.<\/u><\/strong>\u00a0Serviciul nostru de domiciliere este destinat persoanelor juridice \u0219i antreprenorilor care desf\u0103\u0219oar\u0103 o activitate profesional\u0103.<\/p><p class=\"body\" dir=\"auto\"><strong>Cum \u00eemi primesc coresponden\u021ba?<\/strong><\/p><p class=\"body\" dir=\"auto\">Ave\u021bi la dispozi\u021bie diverse solu\u021bii:<\/p><p class=\"body\" dir=\"auto\">- Vom deschide \u0219i vom scana coresponden\u021ba dvs. la adresa de e-mail specificat\u0103 de dvs.<\/p><p class=\"body\" dir=\"auto\">- Veni\u021bi la birou \u00een timpul programului de lucru pentru a v\u0103 ridica coresponden\u021ba<\/p><p class=\"body\" dir=\"auto\"><strong>Ce m\u0103suri trebuie luate pentru a transfera sediul social al societ\u0103\u021bii mele?<\/strong><\/p><p class=\"body\" dir=\"auto\">Activitate ca persoan\u0103 juridic\u0103 (SRL, SA, SC etc.)<\/p><p class=\"body\" dir=\"auto\">- Transferul sediului social trebuie s\u0103 fie decis de reprezentan\u021bii societ\u0103\u021bii \u00een cadrul unei adun\u0103ri generale. Decizia trebuie apoi publicat\u0103 \u00een Moniteur belge. De asemenea, noua adres\u0103 trebuie notificat\u0103 BCE \u0219i TVA.<\/p><p class=\"body\" dir=\"auto\">Putem lua m\u0103surile necesare \u00een numele dumneavoastr\u0103.<\/p><p class=\"body\" dir=\"auto\"><strong>Pute\u021bi primi scrisori recomandate \u00een numele meu?<\/strong><\/p><p class=\"body\" dir=\"auto\">Datorit\u0103 procurii po\u0219tale flexibile pentru uz profesional de la\u00a0<a href=\"https:\/\/www.bpost.be\/fr\/procuration-postale\" target=\"_blank\" rel=\"noopener\">Bpost<\/a>Dac\u0103 dori\u021bi, putem colecta toate scrisorile dumneavoastr\u0103 recomandate \u00een numele dumneavoastr\u0103 \u0219i s\u0103 vi le transmitem. Pentru 54,95 EUR, ve\u021bi primi o carte de procur\u0103 nenominalizat\u0103 care confer\u0103 biroului nostru un mandat de trei ani.<\/p><p class=\"body\" dir=\"auto\"><a href=\"http:\/\/www.bpost.be\/site\/fr\/solutions-professionnelles\/lettres-cartes\/recommandes\/procuration-postale\" target=\"_blank\" rel=\"noopener\">Mai multe informa\u021bii privind procura po\u0219tal\u0103 pentru uz profesional<\/a><\/p><p class=\"body\" dir=\"auto\"><strong>Registrul ac\u021bionarilor trebuie s\u0103 fie \u021binut la sediul social al societ\u0103\u021bii?<\/strong><\/p><p class=\"body\" dir=\"auto\"><strong><u>Da.<\/u><\/strong>\u00a0Orice ter\u021b\u0103 parte interesat\u0103 trebuie s\u0103 poat\u0103 consulta registrul ac\u021bionarilor la sediul social al societ\u0103\u021bii. Aceasta \u00eenseamn\u0103 c\u0103 orice persoan\u0103 care poate demonstra un interes poate examina con\u021binutul registrului ac\u021biunilor. Printre ter\u021bii interesa\u021bi s-ar putea num\u0103ra FPS Finan\u021be, FPS Economie \u0219i alte institu\u021bii publice.<\/p>\t\t\t\t\t\t\t\t<\/div>\n\t\t\t\t<\/div>\n\t\t\t\t<\/div>\n\t\t<div data-particle_enable=\"false\" data-particle-mobile-disabled=\"false\" class=\"elementor-element elementor-element-cbc061a e-con-full e-flex e-con e-parent\" data-id=\"cbc061a\" data-element_type=\"container\" data-e-type=\"container\">\n\t\t\t\t<div class=\"elementor-element elementor-element-7308aeb elementor-widget elementor-widget-heading\" data-id=\"7308aeb\" data-element_type=\"widget\" data-e-type=\"widget\" data-widget_type=\"heading.default\">\n\t\t\t\t<div class=\"elementor-widget-container\">\n\t\t\t\t\t<h3 class=\"elementor-heading-title elementor-size-default\">Po\u0219ta ta, \u00eengrijit\u0103 de la A la Z\n<\/h3>\t\t\t\t<\/div>\n\t\t\t\t<\/div>\n\t\t\t\t<div class=\"elementor-element elementor-element-25dbd64 elementor-widget-divider--view-line elementor-widget elementor-widget-divider\" data-id=\"25dbd64\" data-element_type=\"widget\" data-e-type=\"widget\" data-widget_type=\"divider.default\">\n\t\t\t\t<div class=\"elementor-widget-container\">\n\t\t\t\t\t\t\t<div class=\"elementor-divider\">\n\t\t\t<span class=\"elementor-divider-separator\">\n\t\t\t\t\t\t<\/span>\n\t\t<\/div>\n\t\t\t\t\t\t<\/div>\n\t\t\t\t<\/div>\n\t\t<div data-particle_enable=\"false\" data-particle-mobile-disabled=\"false\" class=\"elementor-element elementor-element-30999f2 e-grid e-con-full e-con e-child\" data-id=\"30999f2\" data-element_type=\"container\" data-e-type=\"container\">\n\t\t<div data-particle_enable=\"false\" data-particle-mobile-disabled=\"false\" class=\"elementor-element elementor-element-70ae9a4 e-con-full e-flex e-con e-child\" data-id=\"70ae9a4\" data-element_type=\"container\" data-e-type=\"container\">\n\t\t\t\t<div class=\"elementor-element elementor-element-68cfc1b elementor-icon-list--layout-traditional elementor-list-item-link-full_width elementor-widget elementor-widget-icon-list\" data-id=\"68cfc1b\" data-element_type=\"widget\" data-e-type=\"widget\" data-widget_type=\"icon-list.default\">\n\t\t\t\t<div class=\"elementor-widget-container\">\n\t\t\t\t\t\t\t<ul class=\"elementor-icon-list-items\">\n\t\t\t\t\t\t\t<li class=\"elementor-icon-list-item\">\n\t\t\t\t\t\t\t\t\t\t\t<span class=\"elementor-icon-list-icon\">\n\t\t\t\t\t\t\t<i aria-hidden=\"true\" class=\"fas fa-file-import\"><\/i>\t\t\t\t\t\t<\/span>\n\t\t\t\t\t\t\t\t\t\t<span class=\"elementor-icon-list-text\">Scanarea zilnic\u0103 a coresponden\u021bei: serviciul nostru v\u0103 scaneaz\u0103 coresponden\u021ba \u00een fiecare zi pentru a crea o versiune digital\u0103.<\/span>\n\t\t\t\t\t\t\t\t\t<\/li>\n\t\t\t\t\t\t\t\t<li class=\"elementor-icon-list-item\">\n\t\t\t\t\t\t\t\t\t\t\t<span class=\"elementor-icon-list-icon\">\n\t\t\t\t\t\t\t<i aria-hidden=\"true\" class=\"fas fa-paper-plane\"><\/i>\t\t\t\t\t\t<\/span>\n\t\t\t\t\t\t\t\t\t\t<span class=\"elementor-icon-list-text\">Trimitere prin e-mail: Documentele scanate sunt apoi trimise prin e-mail destinatarilor corespunz\u0103tori.<\/span>\n\t\t\t\t\t\t\t\t\t<\/li>\n\t\t\t\t\t\t\t\t<li class=\"elementor-icon-list-item\">\n\t\t\t\t\t\t\t\t\t\t\t<span class=\"elementor-icon-list-icon\">\n\t\t\t\t\t\t\t<i aria-hidden=\"true\" class=\"fas fa-folder-open\"><\/i>\t\t\t\t\t\t<\/span>\n\t\t\t\t\t\t\t\t\t\t<span class=\"elementor-icon-list-text\">\u00cendosarierea documentelor: Clasific\u0103m cu aten\u021bie documentele digitizate pentru a facilita accesul \u0219i recuperarea acestora.<\/span>\n\t\t\t\t\t\t\t\t\t<\/li>\n\t\t\t\t\t\t\t\t<li class=\"elementor-icon-list-item\">\n\t\t\t\t\t\t\t\t\t\t\t<span class=\"elementor-icon-list-icon\">\n\t\t\t\t\t\t\t<i aria-hidden=\"true\" class=\"fas fa-envelope\"><\/i>\t\t\t\t\t\t<\/span>\n\t\t\t\t\t\t\t\t\t\t<span class=\"elementor-icon-list-text\">Primirea de scrisori recomandate cu autorizare: De asemenea, ne putem ocupa de primirea de scrisori recomandate, cu condi\u021bia s\u0103 furniza\u021bi o \u00eemputernicire po\u0219tal\u0103 valabil\u0103.<\/span>\n\t\t\t\t\t\t\t\t\t<\/li>\n\t\t\t\t\t\t\t\t<li class=\"elementor-icon-list-item\">\n\t\t\t\t\t\t\t\t\t\t\t<span class=\"elementor-icon-list-icon\">\n\t\t\t\t\t\t\t<i aria-hidden=\"true\" class=\"fas fa-cloud\"><\/i>\t\t\t\t\t\t<\/span>\n\t\t\t\t\t\t\t\t\t\t<span class=\"elementor-icon-list-text\">Copie de siguran\u021b\u0103 a documentelor: Oferim un serviciu de backup pentru documentele scanate, asigur\u00e2nd securitatea acestora \u00een caz de pierdere.<\/span>\n\t\t\t\t\t\t\t\t\t<\/li>\n\t\t\t\t\t\t\t\t<li class=\"elementor-icon-list-item\">\n\t\t\t\t\t\t\t\t\t\t\t<span class=\"elementor-icon-list-icon\">\n\t\t\t\t\t\t\t<i aria-hidden=\"true\" class=\"fas fa-sync-alt\"><\/i>\t\t\t\t\t\t<\/span>\n\t\t\t\t\t\t\t\t\t\t<span class=\"elementor-icon-list-text\">Redirec\u021bionarea facturilor c\u0103tre platforma dvs. de contabilitate: Pute\u021bi redirec\u021biona facturile c\u0103tre platforma dvs. de contabilitate pentru a v\u0103 simplifica gestionarea contabilit\u0103\u021bii.<\/span>\n\t\t\t\t\t\t\t\t\t<\/li>\n\t\t\t\t\t\t<\/ul>\n\t\t\t\t\t\t<\/div>\n\t\t\t\t<\/div>\n\t\t\t\t<\/div>\n\t\t<div data-particle_enable=\"false\" data-particle-mobile-disabled=\"false\" class=\"elementor-element elementor-element-9f33f3e e-con-full e-flex elementor-invisible e-con e-child\" data-id=\"9f33f3e\" data-element_type=\"container\" data-e-type=\"container\" data-settings=\"{&quot;background_background&quot;:&quot;classic&quot;,&quot;animation&quot;:&quot;fadeInRight&quot;}\">\n\t\t\t\t<div class=\"elementor-element elementor-element-59dc673 elementor-widget elementor-widget-image\" data-id=\"59dc673\" data-element_type=\"widget\" data-e-type=\"widget\" data-widget_type=\"image.default\">\n\t\t\t\t<div class=\"elementor-widget-container\">\n\t\t\t\t\t\t\t\t\t\t\t\t\t\t\t<img decoding=\"async\" width=\"1080\" height=\"1080\" src=\"https:\/\/avava.center\/wp-content\/uploads\/Design-sans-titre-2.png\" class=\"attachment-large size-large wp-image-448\" alt=\",\" srcset=\"https:\/\/avava.center\/wp-content\/uploads\/Design-sans-titre-2.png 1080w, https:\/\/avava.center\/wp-content\/uploads\/Design-sans-titre-2-600x600.png 600w, https:\/\/avava.center\/wp-content\/uploads\/Design-sans-titre-2-768x768.png 768w\" sizes=\"(max-width: 1080px) 100vw, 1080px\" title=\"\">\t\t\t\t\t\t\t\t\t\t\t\t\t\t\t<\/div>\n\t\t\t\t<\/div>\n\t\t\t\t<\/div>\n\t\t\t\t<\/div>\n\t\t\t\t<\/div>\n\t\t<div data-particle_enable=\"false\" data-particle-mobile-disabled=\"false\" class=\"elementor-element elementor-element-3432f43 e-con-full e-flex e-con e-parent\" data-id=\"3432f43\" data-element_type=\"container\" data-e-type=\"container\" data-settings=\"{&quot;background_background&quot;:&quot;gradient&quot;}\">\n\t\t<div data-particle_enable=\"false\" data-particle-mobile-disabled=\"false\" class=\"elementor-element elementor-element-8c1b72e e-con-full e-flex e-con e-child\" data-id=\"8c1b72e\" data-element_type=\"container\" data-e-type=\"container\">\n\t\t\t\t<div class=\"elementor-element elementor-element-3869f10 elementor-widget elementor-widget-heading\" data-id=\"3869f10\" data-element_type=\"widget\" data-e-type=\"widget\" data-widget_type=\"heading.default\">\n\t\t\t\t<div class=\"elementor-widget-container\">\n\t\t\t\t\t<h4 class=\"elementor-heading-title elementor-size-default\">De ce s\u0103 nu vorbim despre proiectul dumneavoastr\u0103?\n\n<\/h4>\t\t\t\t<\/div>\n\t\t\t\t<\/div>\n\t\t\t\t<div class=\"elementor-element elementor-element-5373f7b elementor-widget elementor-widget-text-editor\" data-id=\"5373f7b\" data-element_type=\"widget\" data-e-type=\"widget\" data-widget_type=\"text-editor.default\">\n\t\t\t\t<div class=\"elementor-widget-container\">\n\t\t\t\t\t\t\t\t\t<p data-start=\"760\" data-end=\"985\">Contacta\u021bi echipa noastr\u0103 pentru sfaturi, o ofert\u0103 sau asisten\u021b\u0103 personalizat\u0103.<\/p>\t\t\t\t\t\t\t\t<\/div>\n\t\t\t\t<\/div>\n\t\t\t\t<\/div>\n\t\t<div data-particle_enable=\"false\" data-particle-mobile-disabled=\"false\" class=\"elementor-element elementor-element-a8456f1 e-con-full e-flex e-con e-child\" data-id=\"a8456f1\" data-element_type=\"container\" data-e-type=\"container\">\n\t\t\t\t<div class=\"elementor-element elementor-element-4ba4f56 elementor-widget elementor-widget-button\" data-id=\"4ba4f56\" data-element_type=\"widget\" data-e-type=\"widget\" data-widget_type=\"button.default\">\n\t\t\t\t<div class=\"elementor-widget-container\">\n\t\t\t\t\t\t\t\t\t<div class=\"elementor-button-wrapper\">\n\t\t\t\t\t<a class=\"elementor-button elementor-button-link elementor-size-sm elementor-animation-grow\" href=\"https:\/\/avava.center\/ro\/contact\/\" target=\"_blank\">\n\t\t\t\t\t\t<span class=\"elementor-button-content-wrapper\">\n\t\t\t\t\t\t\t\t\t<span class=\"elementor-button-text\">Contacta\u021bi-ne<\/span>\n\t\t\t\t\t<\/span>\n\t\t\t\t\t<\/a>\n\t\t\t\t<\/div>\n\t\t\t\t\t\t\t\t<\/div>\n\t\t\t\t<\/div>\n\t\t\t\t<\/div>\n\t\t\t\t<\/div>\n\t\t\t\t<\/div>","protected":false},"excerpt":{"rendered":"<p>Domiciliation entreprise avec adresse professionnelle en Belgique Domiciliation Qu&rsquo;est-ce que la domiciliation? En savoir plus Domiciliation d\u2019entreprise Toute soci\u00e9t\u00e9 enregistr\u00e9e en Belgique doit disposer d&rsquo;un si\u00e8ge social physique \u00e9tabli dans le Royaume de Belgique. La domiciliation correspond au si\u00e8ge social de la soci\u00e9t\u00e9, autrement dit, le lieu o\u00f9 arrive le courrier de la soci\u00e9t\u00e9 et [&hellip;]<\/p>\n","protected":false},"author":1,"featured_media":663,"parent":0,"menu_order":0,"comment_status":"closed","ping_status":"closed","template":"","meta":{"_eb_attr":"","footnotes":""},"class_list":["post-331","page","type-page","status-publish","has-post-thumbnail","hentry"],"_links":{"self":[{"href":"https:\/\/avava.center\/ro\/wp-json\/wp\/v2\/pages\/331","targetHints":{"allow":["GET"]}}],"collection":[{"href":"https:\/\/avava.center\/ro\/wp-json\/wp\/v2\/pages"}],"about":[{"href":"https:\/\/avava.center\/ro\/wp-json\/wp\/v2\/types\/page"}],"author":[{"embeddable":true,"href":"https:\/\/avava.center\/ro\/wp-json\/wp\/v2\/users\/1"}],"replies":[{"embeddable":true,"href":"https:\/\/avava.center\/ro\/wp-json\/wp\/v2\/comments?post=331"}],"version-history":[{"count":65,"href":"https:\/\/avava.center\/ro\/wp-json\/wp\/v2\/pages\/331\/revisions"}],"predecessor-version":[{"id":1885,"href":"https:\/\/avava.center\/ro\/wp-json\/wp\/v2\/pages\/331\/revisions\/1885"}],"wp:featuredmedia":[{"embeddable":true,"href":"https:\/\/avava.center\/ro\/wp-json\/wp\/v2\/media\/663"}],"wp:attachment":[{"href":"https:\/\/avava.center\/ro\/wp-json\/wp\/v2\/media?parent=331"}],"curies":[{"name":"wp","href":"https:\/\/api.w.org\/{rel}","templated":true}]}}