{"id":329,"date":"2024-07-09T16:51:41","date_gmt":"2024-07-09T14:51:41","guid":{"rendered":"https:\/\/avava.myskydoowebsite.com\/?page_id=329"},"modified":"2025-08-29T14:40:52","modified_gmt":"2025-08-29T12:40:52","slug":"a-propos","status":"publish","type":"page","link":"https:\/\/avava.center\/ro\/a-propos\/","title":{"rendered":"Despre noi"},"content":{"rendered":"<div data-elementor-type=\"wp-page\" data-elementor-id=\"329\" class=\"elementor elementor-329\" data-elementor-post-type=\"page\">\n\t\t\t\t<div data-particle_enable=\"false\" data-particle-mobile-disabled=\"false\" class=\"elementor-element elementor-element-8263f68 e-con-full e-flex e-con e-parent\" data-id=\"8263f68\" data-element_type=\"container\" data-e-type=\"container\" data-settings=\"{&quot;background_background&quot;:&quot;gradient&quot;}\">\n\t\t<div data-particle_enable=\"false\" data-particle-mobile-disabled=\"false\" class=\"elementor-element elementor-element-47a11e66 e-con-full e-flex e-con e-child\" data-id=\"47a11e66\" data-element_type=\"container\" data-e-type=\"container\">\n\t\t\t\t<div class=\"elementor-element elementor-element-5b45a528 elementor-widget-divider--view-line elementor-invisible elementor-widget elementor-widget-divider\" data-id=\"5b45a528\" data-element_type=\"widget\" data-e-type=\"widget\" data-settings=\"{&quot;_animation&quot;:&quot;fadeInLeft&quot;}\" data-widget_type=\"divider.default\">\n\t\t\t\t<div class=\"elementor-widget-container\">\n\t\t\t\t\t\t\t<div class=\"elementor-divider\">\n\t\t\t<span class=\"elementor-divider-separator\">\n\t\t\t\t\t\t<\/span>\n\t\t<\/div>\n\t\t\t\t\t\t<\/div>\n\t\t\t\t<\/div>\n\t\t\t\t<div class=\"elementor-element elementor-element-926fdf4 elementor-widget-tablet__width-inherit elementor-widget elementor-widget-heading\" data-id=\"926fdf4\" data-element_type=\"widget\" data-e-type=\"widget\" data-widget_type=\"heading.default\">\n\t\t\t\t<div class=\"elementor-widget-container\">\n\t\t\t\t\t<h2 class=\"elementor-heading-title elementor-size-default\">Centru de afaceri\nAVAVA<\/h2>\t\t\t\t<\/div>\n\t\t\t\t<\/div>\n\t\t<div data-particle_enable=\"false\" data-particle-mobile-disabled=\"false\" class=\"elementor-element elementor-element-8bc22c6 e-con-full e-flex e-con e-child\" data-id=\"8bc22c6\" data-element_type=\"container\" data-e-type=\"container\">\n\t\t\t\t<div class=\"elementor-element elementor-element-97e4913 elementor-align-start elementor-icon-list--layout-traditional elementor-list-item-link-full_width elementor-widget elementor-widget-icon-list\" data-id=\"97e4913\" data-element_type=\"widget\" data-e-type=\"widget\" data-widget_type=\"icon-list.default\">\n\t\t\t\t<div class=\"elementor-widget-container\">\n\t\t\t\t\t\t\t<ul class=\"elementor-icon-list-items\">\n\t\t\t\t\t\t\t<li class=\"elementor-icon-list-item\">\n\t\t\t\t\t\t\t\t\t\t\t<span class=\"elementor-icon-list-icon\">\n\t\t\t\t\t\t\t<i aria-hidden=\"true\" class=\"fas fa-download\"><\/i>\t\t\t\t\t\t<\/span>\n\t\t\t\t\t\t\t\t\t\t<span class=\"elementor-icon-list-text\">Centrul nostru este acreditat oficial<\/span>\n\t\t\t\t\t\t\t\t\t<\/li>\n\t\t\t\t\t\t<\/ul>\n\t\t\t\t\t\t<\/div>\n\t\t\t\t<\/div>\n\t\t\t\t<\/div>\n\t\t\t\t<div class=\"elementor-element elementor-element-49ead278 elementor-widget elementor-widget-icon-box\" data-id=\"49ead278\" data-element_type=\"widget\" data-e-type=\"widget\" data-settings=\"{&quot;_animation&quot;:&quot;none&quot;}\" data-widget_type=\"icon-box.default\">\n\t\t\t\t<div class=\"elementor-widget-container\">\n\t\t\t\t\t\t\t<div class=\"elementor-icon-box-wrapper\">\n\n\t\t\t\n\t\t\t\t\t\t<div class=\"elementor-icon-box-content\">\n\n\t\t\t\t\t\t\t\t\t<p class=\"elementor-icon-box-title\">\n\t\t\t\t\t\t<span  >\n\t\t\t\t\t\t\tIstoria noastr\u0103\t\t\t\t\t\t<\/span>\n\t\t\t\t\t<\/p>\n\t\t\t\t\n\t\t\t\t\t\t\t\t\t<p class=\"elementor-icon-box-description\">\n\t\t\t\t\t\tFondat\u0103 \u00een 2003, are o istorie bogat\u0103 \u00een a ajuta antreprenorii s\u0103-\u0219i dezvolte afacerile \u00een Belgia. \u00cen\u021belegem provoc\u0103rile legate de demararea unei afaceri pentru c\u0103 am fost acolo.\t\t\t\t\t<\/p>\n\t\t\t\t\n\t\t\t<\/div>\n\t\t\t\n\t\t<\/div>\n\t\t\t\t\t\t<\/div>\n\t\t\t\t<\/div>\n\t\t\t\t<div class=\"elementor-element elementor-element-c0cfa7d elementor-align-left elementor-widget elementor-widget-button\" data-id=\"c0cfa7d\" data-element_type=\"widget\" data-e-type=\"widget\" data-widget_type=\"button.default\">\n\t\t\t\t<div class=\"elementor-widget-container\">\n\t\t\t\t\t\t\t\t\t<div class=\"elementor-button-wrapper\">\n\t\t\t\t\t<a class=\"elementor-button elementor-button-link elementor-size-sm elementor-animation-grow\" href=\"https:\/\/avava.center\/ro\/contact\/\" target=\"_blank\">\n\t\t\t\t\t\t<span class=\"elementor-button-content-wrapper\">\n\t\t\t\t\t\t\t\t\t<span class=\"elementor-button-text\">CONTACTA\u021aI-NE<\/span>\n\t\t\t\t\t<\/span>\n\t\t\t\t\t<\/a>\n\t\t\t\t<\/div>\n\t\t\t\t\t\t\t\t<\/div>\n\t\t\t\t<\/div>\n\t\t\t\t<\/div>\n\t\t<div data-particle_enable=\"false\" data-particle-mobile-disabled=\"false\" class=\"elementor-element elementor-element-25d977d6 e-con-full e-flex e-con e-child\" data-id=\"25d977d6\" data-element_type=\"container\" data-e-type=\"container\">\n\t\t<div data-particle_enable=\"false\" data-particle-mobile-disabled=\"false\" class=\"elementor-element elementor-element-592bd83e e-con-full e-flex e-con e-child\" data-id=\"592bd83e\" data-element_type=\"container\" data-e-type=\"container\">\n\t\t\t\t<div class=\"elementor-element elementor-element-89a2a3c elementor-view-default elementor-position-block-start elementor-mobile-position-block-start elementor-widget elementor-widget-icon-box\" data-id=\"89a2a3c\" data-element_type=\"widget\" data-e-type=\"widget\" data-widget_type=\"icon-box.default\">\n\t\t\t\t<div class=\"elementor-widget-container\">\n\t\t\t\t\t\t\t<div class=\"elementor-icon-box-wrapper\">\n\n\t\t\t\t\t\t<div class=\"elementor-icon-box-icon\">\n\t\t\t\t<span  class=\"elementor-icon\">\n\t\t\t\t<i aria-hidden=\"true\" class=\"fas fa-chart-line\"><\/i>\t\t\t\t<\/span>\n\t\t\t<\/div>\n\t\t\t\n\t\t\t\t\t\t<div class=\"elementor-icon-box-content\">\n\n\t\t\t\t\t\t\t\t\t<h3 class=\"elementor-icon-box-title\">\n\t\t\t\t\t\t<span  >\n\t\t\t\t\t\t\tCre\u0219tere \u0219i expansiune\t\t\t\t\t\t<\/span>\n\t\t\t\t\t<\/h3>\n\t\t\t\t\n\t\t\t\t\t\t\t\t\t<p class=\"elementor-icon-box-description\">\n\t\t\t\t\t\tAVAVA a \u00eenceput ca un birou mic, oferind ini\u021bial servicii de asisten\u021b\u0103 clien\u021bilor no\u0219tri. Datorit\u0103 cre\u0219terii rapide, ne-am extins re\u021beaua \u0219i am ajutat antreprenorii s\u0103 se extind\u0103 \u00een noi teritorii.\t\t\t\t\t<\/p>\n\t\t\t\t\n\t\t\t<\/div>\n\t\t\t\n\t\t<\/div>\n\t\t\t\t\t\t<\/div>\n\t\t\t\t<\/div>\n\t\t\t\t<\/div>\n\t\t<div data-particle_enable=\"false\" data-particle-mobile-disabled=\"false\" class=\"elementor-element elementor-element-35421e76 e-con-full e-flex e-con e-child\" data-id=\"35421e76\" data-element_type=\"container\" data-e-type=\"container\">\n\t\t\t\t<div class=\"elementor-element elementor-element-dabb10f elementor-view-default elementor-position-block-start elementor-mobile-position-block-start elementor-widget elementor-widget-icon-box\" data-id=\"dabb10f\" data-element_type=\"widget\" data-e-type=\"widget\" data-widget_type=\"icon-box.default\">\n\t\t\t\t<div class=\"elementor-widget-container\">\n\t\t\t\t\t\t\t<div class=\"elementor-icon-box-wrapper\">\n\n\t\t\t\t\t\t<div class=\"elementor-icon-box-icon\">\n\t\t\t\t<span  class=\"elementor-icon\">\n\t\t\t\t<i aria-hidden=\"true\" class=\"fas fa-puzzle-piece\"><\/i>\t\t\t\t<\/span>\n\t\t\t<\/div>\n\t\t\t\n\t\t\t\t\t\t<div class=\"elementor-icon-box-content\">\n\n\t\t\t\t\t\t\t\t\t<h3 class=\"elementor-icon-box-title\">\n\t\t\t\t\t\t<span  >\n\t\t\t\t\t\t\tServicii extinse\t\t\t\t\t\t<\/span>\n\t\t\t\t\t<\/h3>\n\t\t\t\t\n\t\t\t\t\t\t\t\t\t<p class=\"elementor-icon-box-description\">\n\t\t\t\t\t\tAst\u0103zi, AVAVA a \u00eenfiin\u021bat o re\u021bea de birouri, oferind nu numai servicii de \u00eenfiin\u021bare de \u00eentreprinderi, ci \u0219i \u00eenchirierea de birouri echipate, asisten\u021b\u0103 \u00een ob\u021binerea unui cont adecvat, precum \u0219i domiciliul fizic \u0219i virtual.\t\t\t\t\t<\/p>\n\t\t\t\t\n\t\t\t<\/div>\n\t\t\t\n\t\t<\/div>\n\t\t\t\t\t\t<\/div>\n\t\t\t\t<\/div>\n\t\t\t\t<\/div>\n\t\t<div data-particle_enable=\"false\" data-particle-mobile-disabled=\"false\" class=\"elementor-element elementor-element-298584ba e-con-full e-flex e-con e-child\" data-id=\"298584ba\" data-element_type=\"container\" data-e-type=\"container\">\n\t\t\t\t<div class=\"elementor-element elementor-element-ba84d71 elementor-view-default elementor-position-block-start elementor-mobile-position-block-start elementor-widget elementor-widget-icon-box\" data-id=\"ba84d71\" data-element_type=\"widget\" data-e-type=\"widget\" data-widget_type=\"icon-box.default\">\n\t\t\t\t<div class=\"elementor-widget-container\">\n\t\t\t\t\t\t\t<div class=\"elementor-icon-box-wrapper\">\n\n\t\t\t\t\t\t<div class=\"elementor-icon-box-icon\">\n\t\t\t\t<span  class=\"elementor-icon\">\n\t\t\t\t<i aria-hidden=\"true\" class=\"fas fa-handshake\"><\/i>\t\t\t\t<\/span>\n\t\t\t<\/div>\n\t\t\t\n\t\t\t\t\t\t<div class=\"elementor-icon-box-content\">\n\n\t\t\t\t\t\t\t\t\t<h3 class=\"elementor-icon-box-title\">\n\t\t\t\t\t\t<span  >\n\t\t\t\t\t\t\tAngajamentul fa\u021b\u0103 de antreprenori\t\t\t\t\t\t<\/span>\n\t\t\t\t\t<\/h3>\n\t\t\t\t\n\t\t\t\t\t\t\t\t\t<p class=\"elementor-icon-box-description\">\n\t\t\t\t\t\tNe m\u00e2ndrim cu faptul c\u0103 le oferim antreprenorilor lini\u0219te sufleteasc\u0103 atunci c\u00e2nd iau decizia important\u0103 de a se extinde.\t\t\t\t\t<\/p>\n\t\t\t\t\n\t\t\t<\/div>\n\t\t\t\n\t\t<\/div>\n\t\t\t\t\t\t<\/div>\n\t\t\t\t<\/div>\n\t\t\t\t<\/div>\n\t\t<div data-particle_enable=\"false\" data-particle-mobile-disabled=\"false\" class=\"elementor-element elementor-element-1d1793e4 e-con-full e-flex e-con e-child\" data-id=\"1d1793e4\" data-element_type=\"container\" data-e-type=\"container\">\n\t\t\t\t<div class=\"elementor-element elementor-element-245dd87 elementor-view-default elementor-position-block-start elementor-mobile-position-block-start elementor-widget elementor-widget-icon-box\" data-id=\"245dd87\" data-element_type=\"widget\" data-e-type=\"widget\" data-widget_type=\"icon-box.default\">\n\t\t\t\t<div class=\"elementor-widget-container\">\n\t\t\t\t\t\t\t<div class=\"elementor-icon-box-wrapper\">\n\n\t\t\t\t\t\t<div class=\"elementor-icon-box-icon\">\n\t\t\t\t<span  class=\"elementor-icon\">\n\t\t\t\t<i aria-hidden=\"true\" class=\"fas fa-user-tie\"><\/i>\t\t\t\t<\/span>\n\t\t\t<\/div>\n\t\t\t\n\t\t\t\t\t\t<div class=\"elementor-icon-box-content\">\n\n\t\t\t\t\t\t\t\t\t<h3 class=\"elementor-icon-box-title\">\n\t\t\t\t\t\t<span  >\n\t\t\t\t\t\t\tCompeten\u021be profesionale\t\t\t\t\t\t<\/span>\n\t\t\t\t\t<\/h3>\n\t\t\t\t\n\t\t\t\t\t\t\t\t\t<p class=\"elementor-icon-box-description\">\n\t\t\t\t\t\t\u0218tefan Covaci, \u00een calitate de consultant senior, conduce o echip\u0103 cu \u00eenalt\u0103 calificare \u0219i experien\u021b\u0103, gata s\u0103 v\u0103 ofere un sprijin profesional excep\u021bional pentru proiectele dumneavoastr\u0103.\nColaborarea lor sinergic\u0103 garanteaz\u0103 o abordare cuprinz\u0103toare \u0219i eficient\u0103 pentru a v\u0103 satisface nevoile \u0219i a v\u0103 atinge cu succes obiectivele.\t\t\t\t\t<\/p>\n\t\t\t\t\n\t\t\t<\/div>\n\t\t\t\n\t\t<\/div>\n\t\t\t\t\t\t<\/div>\n\t\t\t\t<\/div>\n\t\t\t\t<\/div>\n\t\t\t\t<\/div>\n\t\t\t\t<\/div>\n\t\t<div data-particle_enable=\"false\" data-particle-mobile-disabled=\"false\" class=\"elementor-element elementor-element-af7a245 e-con-full e-flex e-con e-parent\" data-id=\"af7a245\" data-element_type=\"container\" data-e-type=\"container\" data-settings=\"{&quot;background_background&quot;:&quot;gradient&quot;}\">\n\t\t<div data-particle_enable=\"false\" data-particle-mobile-disabled=\"false\" class=\"elementor-element elementor-element-20d8b60 e-con-full e-flex e-con e-child\" data-id=\"20d8b60\" data-element_type=\"container\" data-e-type=\"container\">\n\t\t\t\t<div class=\"elementor-element elementor-element-a84043d elementor-widget-tablet__width-inherit elementor-widget elementor-widget-heading\" data-id=\"a84043d\" data-element_type=\"widget\" data-e-type=\"widget\" data-widget_type=\"heading.default\">\n\t\t\t\t<div class=\"elementor-widget-container\">\n\t\t\t\t\t<h2 class=\"elementor-heading-title elementor-size-default\">ISTORICUL NOSTRU<\/h2>\t\t\t\t<\/div>\n\t\t\t\t<\/div>\n\t\t\t\t<div class=\"elementor-element elementor-element-2ffba04 elementor-widget elementor-widget-text-editor\" data-id=\"2ffba04\" data-element_type=\"widget\" data-e-type=\"widget\" data-widget_type=\"text-editor.default\">\n\t\t\t\t<div class=\"elementor-widget-container\">\n\t\t\t\t\t\t\t\t\t<p data-start=\"100\" data-end=\"706\">De la crearea sa \u00een <strong data-start=\"122\" data-end=\"130\">2003<\/strong>, <strong data-start=\"132\" data-end=\"141\">AVAVA<\/strong> s-a impus ca un <strong data-start=\"165\" data-end=\"229\">un partener cheie pentru antreprenorii din Belgia<\/strong>. \u00cen\u021belegem provoc\u0103rile de a \u00eencepe o afacere de la zero, pentru c\u0103 exact a\u0219a am \u00eenceput \u0219i noi. Bazat \u00eentr-o <strong data-start=\"371\" data-end=\"389\">birou modest<\/strong>am \u00eenceput prin a oferi <strong data-start=\"426\" data-end=\"463\">servicii de asisten\u021b\u0103 limitate<\/strong>. Cu toate acestea, datorit\u0103 for\u021bei de <strong data-start=\"496\" data-end=\"516\">cuv\u00e2nt din gur\u0103<\/strong>reputa\u021bia noastr\u0103 s-a r\u0103sp\u00e2ndit rapid, permi\u021b\u00e2ndu-ne s\u0103 dezvolt\u0103m o puternic\u0103 <strong data-start=\"595\" data-end=\"612\">re\u021bea puternic\u0103<\/strong> \u0219i ajut\u0103 mul\u021bi antreprenori s\u0103 <strong data-start=\"652\" data-end=\"703\">s\u0103 \u00ee\u0219i extind\u0103 afacerea c\u0103tre noi orizonturi<\/strong>.<\/p><p data-start=\"708\" data-end=\"1139\">\u00cen doar c\u00e2\u021biva ani, compania noastr\u0103 <strong data-start=\"734\" data-end=\"748\">cre\u0219tere<\/strong> ne-a permis s\u0103 ne mut\u0103m de la primul nostru birou la un spa\u021biu mai mare \u00een <strong data-start=\"844\" data-end=\"885\">49 Rue de la Procession, Anderlecht<\/strong>. Aceast\u0103 loca\u021bie ne-a oferit oportunitatea de a ne consolida <strong data-start=\"950\" data-end=\"971\">servicii oferite<\/strong>care include acum nu numai <strong data-start=\"1011\" data-end=\"1037\">\u00eenfiin\u021barea de \u00eentreprinderi<\/strong>dar \u0219i <strong data-start=\"1053\" data-end=\"1084\">\u00eenchirierea de birouri cu servicii<\/strong>\u0219i <strong data-start=\"1090\" data-end=\"1112\">servicii de schimb valutar<\/strong> \u0219i <strong data-start=\"1119\" data-end=\"1136\">debit direct<\/strong>.<\/p><p data-start=\"1141\" data-end=\"1588\">Confruntat cu o <strong data-start=\"1152\" data-end=\"1174\">cerere \u00een cre\u0219tere<\/strong> \u0219i pentru a servi mai bine comunitatea noastr\u0103, am deschis un <strong data-start=\"1235\" data-end=\"1276\">nou centru de afaceri \u00een Drogenbos<\/strong>, <strong data-start=\"1278\" data-end=\"1299\">W.A. Mozartlaan 2<\/strong>a <strong data-start=\"1304\" data-end=\"1332\">500 m\u00b2 spa\u021biu modern<\/strong> dedicat <strong data-start=\"1343\" data-end=\"1364\">birouri private<\/strong>la <strong data-start=\"1369\" data-end=\"1382\">coworking<\/strong> \u0219i <strong data-start=\"1391\" data-end=\"1408\">debit direct<\/strong>. Aceast\u0103 loca\u021bie strategic\u0103, la poarta de acces c\u0103tre <strong data-start=\"1451\" data-end=\"1464\">Bruxelles<\/strong>Acest lucru ne va permite s\u0103 primim \u0219i mai mul\u021bi antreprenori \u0219i s\u0103 le oferim un serviciu \u0219i mai bun. <strong data-start=\"1540\" data-end=\"1585\">mediu de lucru inspira\u021bional \u0219i func\u021bional<\/strong>.<\/p><p data-start=\"1590\" data-end=\"2035\">Ast\u0103zi, <strong data-start=\"1603\" data-end=\"1656\">AVAVA este m\u00e2ndr\u0103 s\u0103 ofere un ecosistem complet<\/strong>concepute pentru a r\u0103spunde nevoilor diverse ale antreprenorilor. Angajamentul nostru nu se limiteaz\u0103 la furnizarea de servicii; <strong data-start=\"1785\" data-end=\"1869\">ne facem un punct de onoare din a le oferi clien\u021bilor no\u0219tri lini\u0219te<\/strong>. Fiecare antreprenor cu care lucr\u0103m beneficiaz\u0103 de <strong data-start=\"1932\" data-end=\"1946\">experien\u021b\u0103<\/strong> \u0219i noastre <strong data-start=\"1959\" data-end=\"1975\">know-how<\/strong>pentru a lua decizii cruciale cu <strong data-start=\"2019\" data-end=\"2032\">\u00eencredere<\/strong>.<\/p><p data-start=\"2037\" data-end=\"2184\">Fie c\u0103 sunte\u021bi <strong data-start=\"2055\" data-end=\"2098\">\u00eenceputul c\u0103l\u0103toriei tale antreprenoriale<\/strong> sau \u00een <strong data-start=\"2105\" data-end=\"2128\">faza de cre\u0219tere<\/strong>, <strong data-start=\"2130\" data-end=\"2181\">AVAVA este al\u0103turi de dumneavoastr\u0103 pentru a v\u0103 ajuta s\u0103 reu\u0219i\u021bi<\/strong>.<\/p>\t\t\t\t\t\t\t\t<\/div>\n\t\t\t\t<\/div>\n\t\t\t\t<\/div>\n\t\t<div data-particle_enable=\"false\" data-particle-mobile-disabled=\"false\" class=\"elementor-element elementor-element-8cbfabf e-con-full e-flex e-con e-child\" data-id=\"8cbfabf\" data-element_type=\"container\" data-e-type=\"container\">\n\t\t\t\t<div class=\"elementor-element elementor-element-67e2f05 elementor-widget elementor-widget-text-editor\" data-id=\"67e2f05\" data-element_type=\"widget\" data-e-type=\"widget\" data-widget_type=\"text-editor.default\">\n\t\t\t\t<div class=\"elementor-widget-container\">\n\t\t\t\t\t\t\t\t\t<p><strong>Fiecare scrisoare reflect\u0103 angajamentul nostru fa\u021b\u0103 de dumneavoastr\u0103:<\/strong><\/p><p><strong><span style=\"color: #ff0000;\">A<\/span>ccompany, <\/strong>ofer\u0103 sprijin, consiliere \u0219i resurse pentru a v\u0103 ajuta s\u0103 progresa\u021bi \u0219i s\u0103 reu\u0219i\u021bi.<\/p><p class=\"translation-block\"><strong><span style=\"color: #ff0000\">V<\/span>beating<\/strong>, dep\u0103\u0219irea obstacolelor profesionale pentru a v\u0103 atinge obiectivele.<\/p><p class=\"body translation-block\" dir=\"auto\"><strong data-start=\"549\" data-end=\"558\"><span style=\"color: #ff0000\">Pentru<\/span> a ajuta<\/strong>, oferim sprijin \u0219i solu\u021bii practice \u00een fiecare etap\u0103.<\/p><p dir=\"auto\" class=\"translation-block\"><strong data-start=\"703\" data-end=\"712\"><span style=\"color: #ff0000\">V<\/span>ivre<\/strong>, prosper\u0103 \u00een proiectul t\u0103u \u0219i f\u0103 din afacerea ta un spa\u021biu de \u00eemplinire.<\/p><p dir=\"auto\" class=\"translation-block\"><strong data-start=\"841\" data-end=\"854\"><span style=\"color: #ff0000\">A<\/span>scension<\/strong>, dezvolt\u00e2ndu-v\u0103 afacerea cu ambi\u021bie \u00eentr-un cadru structurat.<\/p>\t\t\t\t\t\t\t\t<\/div>\n\t\t\t\t<\/div>\n\t\t\t\t<\/div>\n\t\t<div data-particle_enable=\"false\" data-particle-mobile-disabled=\"false\" class=\"elementor-element elementor-element-c37c750 e-con-full e-flex e-con e-child\" data-id=\"c37c750\" data-element_type=\"container\" data-e-type=\"container\">\n\t\t\t\t<div class=\"elementor-element elementor-element-c7df534 elementor-widget elementor-widget-theme-site-logo elementor-widget-image\" data-id=\"c7df534\" data-element_type=\"widget\" data-e-type=\"widget\" data-widget_type=\"theme-site-logo.default\">\n\t\t\t\t<div class=\"elementor-widget-container\">\n\t\t\t\t\t\t\t\t\t\t\t<a href=\"https:\/\/avava.center\/ro\">\n\t\t\t<img fetchpriority=\"high\" decoding=\"async\" width=\"656\" height=\"216\" src=\"https:\/\/avava.center\/wp-content\/uploads\/logo-avava-png-YNqJVOXevwCRExqn.avif\" class=\"attachment-full size-full wp-image-306\" alt=\"avava\" title=\"\">\t\t\t\t<\/a>\n\t\t\t\t\t\t\t\t\t\t\t<\/div>\n\t\t\t\t<\/div>\n\t\t\t\t<\/div>\n\t\t\t\t<\/div>\n\t\t<div data-particle_enable=\"false\" data-particle-mobile-disabled=\"false\" class=\"elementor-element elementor-element-9523100 e-con-full e-flex e-con e-parent\" data-id=\"9523100\" data-element_type=\"container\" data-e-type=\"container\" data-settings=\"{&quot;background_background&quot;:&quot;gradient&quot;}\">\n\t\t<div data-particle_enable=\"false\" data-particle-mobile-disabled=\"false\" class=\"elementor-element elementor-element-4a2e154 e-con-full e-flex e-con e-child\" data-id=\"4a2e154\" data-element_type=\"container\" data-e-type=\"container\">\n\t\t\t\t<div class=\"elementor-element elementor-element-a76f5ef elementor-widget elementor-widget-heading\" data-id=\"a76f5ef\" data-element_type=\"widget\" data-e-type=\"widget\" data-widget_type=\"heading.default\">\n\t\t\t\t<div class=\"elementor-widget-container\">\n\t\t\t\t\t<h4 class=\"elementor-heading-title elementor-size-default\">De ce s\u0103 nu vorbim despre proiectul dumneavoastr\u0103?\n\n<\/h4>\t\t\t\t<\/div>\n\t\t\t\t<\/div>\n\t\t\t\t<div class=\"elementor-element elementor-element-5c686f6 elementor-widget elementor-widget-text-editor\" data-id=\"5c686f6\" data-element_type=\"widget\" data-e-type=\"widget\" data-widget_type=\"text-editor.default\">\n\t\t\t\t<div class=\"elementor-widget-container\">\n\t\t\t\t\t\t\t\t\t<p data-start=\"760\" data-end=\"985\">Contacta\u021bi echipa noastr\u0103 pentru sfaturi, o ofert\u0103 sau asisten\u021b\u0103 personalizat\u0103.<\/p>\t\t\t\t\t\t\t\t<\/div>\n\t\t\t\t<\/div>\n\t\t\t\t<\/div>\n\t\t<div data-particle_enable=\"false\" data-particle-mobile-disabled=\"false\" class=\"elementor-element elementor-element-f635e61 e-con-full e-flex e-con e-child\" data-id=\"f635e61\" data-element_type=\"container\" data-e-type=\"container\">\n\t\t\t\t<div class=\"elementor-element elementor-element-b11f023 elementor-widget elementor-widget-button\" data-id=\"b11f023\" data-element_type=\"widget\" data-e-type=\"widget\" data-widget_type=\"button.default\">\n\t\t\t\t<div class=\"elementor-widget-container\">\n\t\t\t\t\t\t\t\t\t<div class=\"elementor-button-wrapper\">\n\t\t\t\t\t<a class=\"elementor-button elementor-button-link elementor-size-sm elementor-animation-grow\" href=\"https:\/\/avava.center\/ro\/contact\/\" target=\"_blank\">\n\t\t\t\t\t\t<span class=\"elementor-button-content-wrapper\">\n\t\t\t\t\t\t\t\t\t<span class=\"elementor-button-text\">Contacta\u021bi-ne<\/span>\n\t\t\t\t\t<\/span>\n\t\t\t\t\t<\/a>\n\t\t\t\t<\/div>\n\t\t\t\t\t\t\t\t<\/div>\n\t\t\t\t<\/div>\n\t\t\t\t<\/div>\n\t\t\t\t<\/div>\n\t\t\t\t<\/div>","protected":false},"excerpt":{"rendered":"<p>Business center AVAVA Notre centre est officiellement agr\u00e9\u00e9 Notre Histoire Fond\u00e9e en 2003, a une riche histoire d\u2019aide aux entrepreneurs pour se d\u00e9velopper en Belgique. Nous comprenons les d\u00e9fis de la cr\u00e9ation d\u2019une entreprise, car nous avons parcouru ce chemin. CONTACTEZ-NOUS Croissance et Expansion AVAVA a commenc\u00e9 dans un petit bureau, offrant initialement des services [&hellip;]<\/p>\n","protected":false},"author":1,"featured_media":310,"parent":0,"menu_order":0,"comment_status":"closed","ping_status":"closed","template":"","meta":{"_eb_attr":"","footnotes":""},"class_list":["post-329","page","type-page","status-publish","has-post-thumbnail","hentry"],"_links":{"self":[{"href":"https:\/\/avava.center\/ro\/wp-json\/wp\/v2\/pages\/329","targetHints":{"allow":["GET"]}}],"collection":[{"href":"https:\/\/avava.center\/ro\/wp-json\/wp\/v2\/pages"}],"about":[{"href":"https:\/\/avava.center\/ro\/wp-json\/wp\/v2\/types\/page"}],"author":[{"embeddable":true,"href":"https:\/\/avava.center\/ro\/wp-json\/wp\/v2\/users\/1"}],"replies":[{"embeddable":true,"href":"https:\/\/avava.center\/ro\/wp-json\/wp\/v2\/comments?post=329"}],"version-history":[{"count":157,"href":"https:\/\/avava.center\/ro\/wp-json\/wp\/v2\/pages\/329\/revisions"}],"predecessor-version":[{"id":2007,"href":"https:\/\/avava.center\/ro\/wp-json\/wp\/v2\/pages\/329\/revisions\/2007"}],"wp:featuredmedia":[{"embeddable":true,"href":"https:\/\/avava.center\/ro\/wp-json\/wp\/v2\/media\/310"}],"wp:attachment":[{"href":"https:\/\/avava.center\/ro\/wp-json\/wp\/v2\/media?parent=329"}],"curies":[{"name":"wp","href":"https:\/\/api.w.org\/{rel}","templated":true}]}}