{"id":331,"date":"2024-07-09T16:51:58","date_gmt":"2024-07-09T14:51:58","guid":{"rendered":"https:\/\/avava.myskydoowebsite.com\/?page_id=331"},"modified":"2025-06-24T14:08:10","modified_gmt":"2025-06-24T12:08:10","slug":"automatische-incasso","status":"publish","type":"page","link":"https:\/\/avava.center\/nl\/domiciliation\/","title":{"rendered":"Automatische incasso"},"content":{"rendered":"<div data-elementor-type=\"wp-page\" data-elementor-id=\"331\" class=\"elementor elementor-331\" data-elementor-post-type=\"page\">\n\t\t\t\t<div data-particle_enable=\"false\" data-particle-mobile-disabled=\"false\" class=\"elementor-element elementor-element-e314881 e-flex e-con-boxed e-con e-parent\" data-id=\"e314881\" data-element_type=\"container\" data-e-type=\"container\" data-settings=\"{&quot;background_background&quot;:&quot;classic&quot;}\">\n\t\t\t\t\t<div class=\"e-con-inner\">\n\t\t<div data-particle_enable=\"false\" data-particle-mobile-disabled=\"false\" class=\"elementor-element elementor-element-b096138 e-con-full e-flex e-con e-child\" data-id=\"b096138\" data-element_type=\"container\" data-e-type=\"container\">\n\t\t<div data-particle_enable=\"false\" data-particle-mobile-disabled=\"false\" class=\"elementor-element elementor-element-520fb40 e-con-full e-flex e-con e-child\" data-id=\"520fb40\" data-element_type=\"container\" data-e-type=\"container\">\n\t\t<div data-particle_enable=\"false\" data-particle-mobile-disabled=\"false\" class=\"elementor-element elementor-element-995d8af e-con-full e-flex elementor-invisible e-con e-child\" data-id=\"995d8af\" data-element_type=\"container\" data-e-type=\"container\" data-settings=\"{&quot;animation&quot;:&quot;fadeInLeft&quot;}\">\n\t\t\t\t<div class=\"elementor-element elementor-element-f2b6cff elementor-widget elementor-widget-html\" data-id=\"f2b6cff\" data-element_type=\"widget\" data-e-type=\"widget\" data-widget_type=\"html.default\">\n\t\t\t\t<div class=\"elementor-widget-container\">\n\t\t\t\t\t<h2 style=\"position: absolute; left: -9999px; top: auto; width: 1px; height: 1px; overflow: hidden;\">\r\n  Bedrijfsdomicili\u00ebring met bedrijfsadres in Belgi\u00eb\r\n<\/h2>\r\n\t\t\t\t<\/div>\n\t\t\t\t<\/div>\n\t\t\t\t<div class=\"elementor-element elementor-element-39badc5 elementor-widget elementor-widget-heading\" data-id=\"39badc5\" data-element_type=\"widget\" data-e-type=\"widget\" data-widget_type=\"heading.default\">\n\t\t\t\t<div class=\"elementor-widget-container\">\n\t\t\t\t\t<h1 class=\"elementor-heading-title elementor-size-default\">Automatische incasso<\/h1>\t\t\t\t<\/div>\n\t\t\t\t<\/div>\n\t\t\t\t<div class=\"elementor-element elementor-element-a813ee3 elementor-widget-divider--view-line elementor-widget elementor-widget-divider\" data-id=\"a813ee3\" data-element_type=\"widget\" data-e-type=\"widget\" data-widget_type=\"divider.default\">\n\t\t\t\t<div class=\"elementor-widget-container\">\n\t\t\t\t\t\t\t<div class=\"elementor-divider\">\n\t\t\t<span class=\"elementor-divider-separator\">\n\t\t\t\t\t\t<\/span>\n\t\t<\/div>\n\t\t\t\t\t\t<\/div>\n\t\t\t\t<\/div>\n\t\t\t\t<div class=\"elementor-element elementor-element-f77114c elementor-widget elementor-widget-heading\" data-id=\"f77114c\" data-element_type=\"widget\" data-e-type=\"widget\" data-widget_type=\"heading.default\">\n\t\t\t\t<div class=\"elementor-widget-container\">\n\t\t\t\t\t<h2 class=\"elementor-heading-title elementor-size-default\">Wat is automatische incasso?<\/h2>\t\t\t\t<\/div>\n\t\t\t\t<\/div>\n\t\t\t\t<div class=\"elementor-element elementor-element-d34dc11 elementor-align-left elementor-widget elementor-widget-button\" data-id=\"d34dc11\" data-element_type=\"widget\" data-e-type=\"widget\" data-widget_type=\"button.default\">\n\t\t\t\t<div class=\"elementor-widget-container\">\n\t\t\t\t\t\t\t\t\t<div class=\"elementor-button-wrapper\">\n\t\t\t\t\t<a class=\"elementor-button elementor-button-link elementor-size-sm elementor-animation-grow\" href=\"#scroll\">\n\t\t\t\t\t\t<span class=\"elementor-button-content-wrapper\">\n\t\t\t\t\t\t\t\t\t<span class=\"elementor-button-text\">Lees meer<\/span>\n\t\t\t\t\t<\/span>\n\t\t\t\t\t<\/a>\n\t\t\t\t<\/div>\n\t\t\t\t\t\t\t\t<\/div>\n\t\t\t\t<\/div>\n\t\t\t\t<\/div>\n\t\t<div data-particle_enable=\"false\" data-particle-mobile-disabled=\"false\" class=\"elementor-element elementor-element-3ec97a3 e-con-full elementor-hidden-tablet elementor-hidden-mobile e-flex elementor-invisible e-con e-child\" data-id=\"3ec97a3\" data-element_type=\"container\" data-e-type=\"container\" data-settings=\"{&quot;animation&quot;:&quot;fadeInRight&quot;}\">\n\t\t\t\t<div class=\"elementor-element elementor-element-6055331 elementor-hidden-mobile elementor-widget elementor-widget-image\" data-id=\"6055331\" data-element_type=\"widget\" data-e-type=\"widget\" data-settings=\"{&quot;motion_fx_motion_fx_mouse&quot;:&quot;yes&quot;,&quot;motion_fx_mouseTrack_effect&quot;:&quot;yes&quot;,&quot;motion_fx_mouseTrack_speed&quot;:{&quot;unit&quot;:&quot;px&quot;,&quot;size&quot;:0.1,&quot;sizes&quot;:[]}}\" data-widget_type=\"image.default\">\n\t\t\t\t<div class=\"elementor-widget-container\">\n\t\t\t\t\t\t\t\t\t\t\t\t\t\t\t<img fetchpriority=\"high\" decoding=\"async\" width=\"656\" height=\"216\" src=\"https:\/\/avava.center\/wp-content\/uploads\/logo-avava-png-YNqJVOXevwCRExqn.avif\" class=\"attachment-large size-large wp-image-306\" alt=\"avava\" title=\"\">\t\t\t\t\t\t\t\t\t\t\t\t\t\t\t<\/div>\n\t\t\t\t<\/div>\n\t\t\t\t<\/div>\n\t\t\t\t<\/div>\n\t\t\t\t<\/div>\n\t\t\t\t\t<\/div>\n\t\t\t\t<\/div>\n\t\t<div data-particle_enable=\"false\" data-particle-mobile-disabled=\"false\" class=\"elementor-element elementor-element-46aef40 e-con-full e-flex e-con e-parent\" data-id=\"46aef40\" data-element_type=\"container\" data-e-type=\"container\" id=\"scroll\">\n\t\t\t\t<div class=\"elementor-element elementor-element-29704d1 elementor-widget elementor-widget-heading\" data-id=\"29704d1\" data-element_type=\"widget\" data-e-type=\"widget\" data-widget_type=\"heading.default\">\n\t\t\t\t<div class=\"elementor-widget-container\">\n\t\t\t\t\t<h3 class=\"elementor-heading-title elementor-size-default\">Vestiging bedrijf\n<\/h3>\t\t\t\t<\/div>\n\t\t\t\t<\/div>\n\t\t\t\t<div class=\"elementor-element elementor-element-7b9f089 elementor-widget-divider--view-line elementor-widget elementor-widget-divider\" data-id=\"7b9f089\" data-element_type=\"widget\" data-e-type=\"widget\" data-widget_type=\"divider.default\">\n\t\t\t\t<div class=\"elementor-widget-container\">\n\t\t\t\t\t\t\t<div class=\"elementor-divider\">\n\t\t\t<span class=\"elementor-divider-separator\">\n\t\t\t\t\t\t<\/span>\n\t\t<\/div>\n\t\t\t\t\t\t<\/div>\n\t\t\t\t<\/div>\n\t\t\t\t<div class=\"elementor-element elementor-element-89ad2c0 elementor-widget elementor-widget-text-editor\" data-id=\"89ad2c0\" data-element_type=\"widget\" data-e-type=\"widget\" data-widget_type=\"text-editor.default\">\n\t\t\t\t<div class=\"elementor-widget-container\">\n\t\t\t\t\t\t\t\t\t<p class=\"body\" dir=\"auto\">Elk bedrijf dat in Belgi\u00eb geregistreerd is, moet een fysieke maatschappelijke zetel hebben in het Koninkrijk Belgi\u00eb.<\/p><p class=\"body\" dir=\"auto\">Het hoofdkantoor is de maatschappelijke zetel van het bedrijf, met andere woorden, de plaats waar de post van het bedrijf aankomt en waar alle juridische documenten worden bewaard (statuten, aandeelhoudersboeken, boekhoudkundige documenten).<\/p><p class=\"body\" dir=\"auto\"><strong>Hoe werkt bedrijfsdomicili\u00ebring?<\/strong><\/p><p class=\"body\" dir=\"auto\">Zodra je het domicili\u00ebringscontract hebt getekend, heb je je eigen adres voor je bedrijf en zijn je bedrijfsnaam en adres je offici\u00eble bedrijfsgegevens die je overal kunt gebruiken: op je website, op flyers, op visitekaartjes, in correspondentie met de overheid, enz.<\/p><p class=\"body\" dir=\"auto\"><strong>Moet ik aan bepaalde voorwaarden voldoen voordat ik mijn bedrijf kan registreren?<\/strong><\/p><p class=\"body\" dir=\"auto\">Om je statutaire zetel te kunnen domicili\u00ebren, moet je :<\/p><p class=\"body\" dir=\"auto\">- Een echt bedrijf hebben<\/p><p class=\"body\" dir=\"auto\">- Een BTW-nummer hebben (tenzij ze net zijn opgericht)<\/p><p class=\"body\" dir=\"auto\">- Geregistreerd zijn bij de Kruispuntbank van Belgische Ondernemingen (KBO)<\/p><p class=\"body\" dir=\"auto\"><strong>Ik heb nog geen btw-nummer, is dat een probleem?<\/strong><\/p><p class=\"body\" dir=\"auto\"><strong>Helemaal niet<\/strong>. Veel van onze klanten bevinden zich in deze situatie! Je ontvangt het adres dat je naar de notaris moet sturen. Zodra je je btw-nummer hebt geactiveerd, bezorgen we je de factuur. Zo kun je deze kosten in de bedrijfskosten opnemen.<\/p><p class=\"body\" dir=\"auto\"><strong>Kunnen mensen hun priv\u00e9woning in het zakencentrum vestigen?<\/strong><\/p><p class=\"body\" dir=\"auto\"><strong><u>Nee.<\/u><\/strong>\u00a0Onze domicili\u00ebringsservice is gericht op rechtspersonen en ondernemers die een professionele activiteit uitoefenen.<\/p><p class=\"body\" dir=\"auto\"><strong>Hoe krijg ik mijn e-mail?<\/strong><\/p><p class=\"body\" dir=\"auto\">Er zijn verschillende oplossingen beschikbaar:<\/p><p class=\"body\" dir=\"auto\">- We openen en scannen je mail naar het e-mailadres dat je opgeeft<\/p><p class=\"body\" dir=\"auto\">- Je komt naar het kantoor tijdens openingstijden om je post op te halen<\/p><p class=\"body\" dir=\"auto\"><strong>Welke stappen moet ik nemen om de statutaire zetel van mijn bedrijf te verplaatsen?<\/strong><\/p><p class=\"body\" dir=\"auto\">Activiteit als rechtspersoon (SRL, SA, SC, enz.)<\/p><p class=\"body\" dir=\"auto\">- De verplaatsing van de maatschappelijke zetel moet worden beslist door de vertegenwoordigers van het bedrijf op een algemene vergadering. De beslissing moet vervolgens worden gepubliceerd in het Belgisch Staatsblad. Het nieuwe adres moet ook worden meegedeeld aan de ECB en de btw.<\/p><p class=\"body\" dir=\"auto\">We kunnen de nodige stappen voor je ondernemen.<\/p><p class=\"body\" dir=\"auto\"><strong>Kunnen jullie namens mij aangetekende post ontvangen?<\/strong><\/p><p class=\"body\" dir=\"auto\">Dankzij de flexibele postvolmacht voor professioneel gebruik van\u00a0<a href=\"https:\/\/www.bpost.be\/fr\/procuration-postale\" target=\"_blank\" rel=\"noopener\">Bpost<\/a>Als je wilt, kunnen we al je aangetekende brieven voor je ophalen en naar je doorsturen. Voor \u20ac54,95 ontvang je een volmachtkaart op naam die ons kantoor een mandaat van drie jaar geeft.<\/p><p class=\"body\" dir=\"auto\"><a href=\"http:\/\/www.bpost.be\/site\/fr\/solutions-professionnelles\/lettres-cartes\/recommandes\/procuration-postale\" target=\"_blank\" rel=\"noopener\">Meer informatie over postvolmacht voor zakelijk gebruik<\/a><\/p><p class=\"body\" dir=\"auto\"><strong>Moet het aandelenregister worden bijgehouden op het hoofdkantoor van het bedrijf?<\/strong><\/p><p class=\"body\" dir=\"auto\"><strong><u>Ja.<\/u><\/strong>\u00a0Iedere belanghebbende derde moet het aandelenregister op het hoofdkantoor van het bedrijf kunnen raadplegen. Dit betekent dat elke persoon die een belang kan aantonen, kennis kan nemen van de inhoud van het aandelenregister. Ge\u00efnteresseerde derden kunnen de FOD Financi\u00ebn, de FOD Economie en andere overheidsinstellingen zijn.<\/p>\t\t\t\t\t\t\t\t<\/div>\n\t\t\t\t<\/div>\n\t\t\t\t<\/div>\n\t\t<div data-particle_enable=\"false\" data-particle-mobile-disabled=\"false\" class=\"elementor-element elementor-element-cbc061a e-con-full e-flex e-con e-parent\" data-id=\"cbc061a\" data-element_type=\"container\" data-e-type=\"container\">\n\t\t\t\t<div class=\"elementor-element elementor-element-7308aeb elementor-widget elementor-widget-heading\" data-id=\"7308aeb\" data-element_type=\"widget\" data-e-type=\"widget\" data-widget_type=\"heading.default\">\n\t\t\t\t<div class=\"elementor-widget-container\">\n\t\t\t\t\t<h3 class=\"elementor-heading-title elementor-size-default\">Uw post van A tot Z verzorgd\n<\/h3>\t\t\t\t<\/div>\n\t\t\t\t<\/div>\n\t\t\t\t<div class=\"elementor-element elementor-element-25dbd64 elementor-widget-divider--view-line elementor-widget elementor-widget-divider\" data-id=\"25dbd64\" data-element_type=\"widget\" data-e-type=\"widget\" data-widget_type=\"divider.default\">\n\t\t\t\t<div class=\"elementor-widget-container\">\n\t\t\t\t\t\t\t<div class=\"elementor-divider\">\n\t\t\t<span class=\"elementor-divider-separator\">\n\t\t\t\t\t\t<\/span>\n\t\t<\/div>\n\t\t\t\t\t\t<\/div>\n\t\t\t\t<\/div>\n\t\t<div data-particle_enable=\"false\" data-particle-mobile-disabled=\"false\" class=\"elementor-element elementor-element-30999f2 e-grid e-con-full e-con e-child\" data-id=\"30999f2\" data-element_type=\"container\" data-e-type=\"container\">\n\t\t<div data-particle_enable=\"false\" data-particle-mobile-disabled=\"false\" class=\"elementor-element elementor-element-70ae9a4 e-con-full e-flex e-con e-child\" data-id=\"70ae9a4\" data-element_type=\"container\" data-e-type=\"container\">\n\t\t\t\t<div class=\"elementor-element elementor-element-68cfc1b elementor-icon-list--layout-traditional elementor-list-item-link-full_width elementor-widget elementor-widget-icon-list\" data-id=\"68cfc1b\" data-element_type=\"widget\" data-e-type=\"widget\" data-widget_type=\"icon-list.default\">\n\t\t\t\t<div class=\"elementor-widget-container\">\n\t\t\t\t\t\t\t<ul class=\"elementor-icon-list-items\">\n\t\t\t\t\t\t\t<li class=\"elementor-icon-list-item\">\n\t\t\t\t\t\t\t\t\t\t\t<span class=\"elementor-icon-list-icon\">\n\t\t\t\t\t\t\t<i aria-hidden=\"true\" class=\"fas fa-file-import\"><\/i>\t\t\t\t\t\t<\/span>\n\t\t\t\t\t\t\t\t\t\t<span class=\"elementor-icon-list-text\">Dagelijks post scannen: Onze service scant elke dag je post om er een digitale versie van te maken.<\/span>\n\t\t\t\t\t\t\t\t\t<\/li>\n\t\t\t\t\t\t\t\t<li class=\"elementor-icon-list-item\">\n\t\t\t\t\t\t\t\t\t\t\t<span class=\"elementor-icon-list-icon\">\n\t\t\t\t\t\t\t<i aria-hidden=\"true\" class=\"fas fa-paper-plane\"><\/i>\t\t\t\t\t\t<\/span>\n\t\t\t\t\t\t\t\t\t\t<span class=\"elementor-icon-list-text\">Per e-mail verzenden: Gescande documenten worden vervolgens per e-mail naar de juiste ontvangers verzonden.<\/span>\n\t\t\t\t\t\t\t\t\t<\/li>\n\t\t\t\t\t\t\t\t<li class=\"elementor-icon-list-item\">\n\t\t\t\t\t\t\t\t\t\t\t<span class=\"elementor-icon-list-icon\">\n\t\t\t\t\t\t\t<i aria-hidden=\"true\" class=\"fas fa-folder-open\"><\/i>\t\t\t\t\t\t<\/span>\n\t\t\t\t\t\t\t\t\t\t<span class=\"elementor-icon-list-text\">Documenten archiveren: We classificeren gedigitaliseerde documenten zorgvuldig om de toegang en het terugvinden te vergemakkelijken.<\/span>\n\t\t\t\t\t\t\t\t\t<\/li>\n\t\t\t\t\t\t\t\t<li class=\"elementor-icon-list-item\">\n\t\t\t\t\t\t\t\t\t\t\t<span class=\"elementor-icon-list-icon\">\n\t\t\t\t\t\t\t<i aria-hidden=\"true\" class=\"fas fa-envelope\"><\/i>\t\t\t\t\t\t<\/span>\n\t\t\t\t\t\t\t\t\t\t<span class=\"elementor-icon-list-text\">Ontvangst van aangetekende post met machtiging: We kunnen ook de ontvangst van aangetekende post verzorgen, mits je een geldige postvolmacht levert.<\/span>\n\t\t\t\t\t\t\t\t\t<\/li>\n\t\t\t\t\t\t\t\t<li class=\"elementor-icon-list-item\">\n\t\t\t\t\t\t\t\t\t\t\t<span class=\"elementor-icon-list-icon\">\n\t\t\t\t\t\t\t<i aria-hidden=\"true\" class=\"fas fa-cloud\"><\/i>\t\t\t\t\t\t<\/span>\n\t\t\t\t\t\t\t\t\t\t<span class=\"elementor-icon-list-text\">Back-up van documenten: We bieden een back-upservice voor gescande documenten, zodat deze veilig zijn in geval van verlies.<\/span>\n\t\t\t\t\t\t\t\t\t<\/li>\n\t\t\t\t\t\t\t\t<li class=\"elementor-icon-list-item\">\n\t\t\t\t\t\t\t\t\t\t\t<span class=\"elementor-icon-list-icon\">\n\t\t\t\t\t\t\t<i aria-hidden=\"true\" class=\"fas fa-sync-alt\"><\/i>\t\t\t\t\t\t<\/span>\n\t\t\t\t\t\t\t\t\t\t<span class=\"elementor-icon-list-text\">Facturen doorsturen naar je boekhoudplatform: Je kunt je facturen doorsturen naar je boekhoudplatform om je boekhoudbeheer te vereenvoudigen.<\/span>\n\t\t\t\t\t\t\t\t\t<\/li>\n\t\t\t\t\t\t<\/ul>\n\t\t\t\t\t\t<\/div>\n\t\t\t\t<\/div>\n\t\t\t\t<\/div>\n\t\t<div data-particle_enable=\"false\" data-particle-mobile-disabled=\"false\" class=\"elementor-element elementor-element-9f33f3e e-con-full e-flex elementor-invisible e-con e-child\" data-id=\"9f33f3e\" data-element_type=\"container\" data-e-type=\"container\" data-settings=\"{&quot;background_background&quot;:&quot;classic&quot;,&quot;animation&quot;:&quot;fadeInRight&quot;}\">\n\t\t\t\t<div class=\"elementor-element elementor-element-59dc673 elementor-widget elementor-widget-image\" data-id=\"59dc673\" data-element_type=\"widget\" data-e-type=\"widget\" data-widget_type=\"image.default\">\n\t\t\t\t<div class=\"elementor-widget-container\">\n\t\t\t\t\t\t\t\t\t\t\t\t\t\t\t<img decoding=\"async\" width=\"1080\" height=\"1080\" src=\"https:\/\/avava.center\/wp-content\/uploads\/Design-sans-titre-2.png\" class=\"attachment-large size-large wp-image-448\" alt=\",\" srcset=\"https:\/\/avava.center\/wp-content\/uploads\/Design-sans-titre-2.png 1080w, https:\/\/avava.center\/wp-content\/uploads\/Design-sans-titre-2-600x600.png 600w, https:\/\/avava.center\/wp-content\/uploads\/Design-sans-titre-2-768x768.png 768w\" sizes=\"(max-width: 1080px) 100vw, 1080px\" title=\"\">\t\t\t\t\t\t\t\t\t\t\t\t\t\t\t<\/div>\n\t\t\t\t<\/div>\n\t\t\t\t<\/div>\n\t\t\t\t<\/div>\n\t\t\t\t<\/div>\n\t\t<div data-particle_enable=\"false\" data-particle-mobile-disabled=\"false\" class=\"elementor-element elementor-element-3432f43 e-con-full e-flex e-con e-parent\" data-id=\"3432f43\" data-element_type=\"container\" data-e-type=\"container\" data-settings=\"{&quot;background_background&quot;:&quot;gradient&quot;}\">\n\t\t<div data-particle_enable=\"false\" data-particle-mobile-disabled=\"false\" class=\"elementor-element elementor-element-8c1b72e e-con-full e-flex e-con e-child\" data-id=\"8c1b72e\" data-element_type=\"container\" data-e-type=\"container\">\n\t\t\t\t<div class=\"elementor-element elementor-element-3869f10 elementor-widget elementor-widget-heading\" data-id=\"3869f10\" data-element_type=\"widget\" data-e-type=\"widget\" data-widget_type=\"heading.default\">\n\t\t\t\t<div class=\"elementor-widget-container\">\n\t\t\t\t\t<h4 class=\"elementor-heading-title elementor-size-default\">Waarom praten we niet over je project?\n\n<\/h4>\t\t\t\t<\/div>\n\t\t\t\t<\/div>\n\t\t\t\t<div class=\"elementor-element elementor-element-5373f7b elementor-widget elementor-widget-text-editor\" data-id=\"5373f7b\" data-element_type=\"widget\" data-e-type=\"widget\" data-widget_type=\"text-editor.default\">\n\t\t\t\t<div class=\"elementor-widget-container\">\n\t\t\t\t\t\t\t\t\t<p data-start=\"760\" data-end=\"985\">Neem contact op met ons team voor advies, een offerte of ondersteuning op maat.<\/p>\t\t\t\t\t\t\t\t<\/div>\n\t\t\t\t<\/div>\n\t\t\t\t<\/div>\n\t\t<div data-particle_enable=\"false\" data-particle-mobile-disabled=\"false\" class=\"elementor-element elementor-element-a8456f1 e-con-full e-flex e-con e-child\" data-id=\"a8456f1\" data-element_type=\"container\" data-e-type=\"container\">\n\t\t\t\t<div class=\"elementor-element elementor-element-4ba4f56 elementor-widget elementor-widget-button\" data-id=\"4ba4f56\" data-element_type=\"widget\" data-e-type=\"widget\" data-widget_type=\"button.default\">\n\t\t\t\t<div class=\"elementor-widget-container\">\n\t\t\t\t\t\t\t\t\t<div class=\"elementor-button-wrapper\">\n\t\t\t\t\t<a class=\"elementor-button elementor-button-link elementor-size-sm elementor-animation-grow\" href=\"https:\/\/avava.center\/nl\/contact\/\" target=\"_blank\">\n\t\t\t\t\t\t<span class=\"elementor-button-content-wrapper\">\n\t\t\t\t\t\t\t\t\t<span class=\"elementor-button-text\">Neem contact met ons op<\/span>\n\t\t\t\t\t<\/span>\n\t\t\t\t\t<\/a>\n\t\t\t\t<\/div>\n\t\t\t\t\t\t\t\t<\/div>\n\t\t\t\t<\/div>\n\t\t\t\t<\/div>\n\t\t\t\t<\/div>\n\t\t\t\t<\/div>","protected":false},"excerpt":{"rendered":"<p>Domiciliation entreprise avec adresse professionnelle en Belgique Domiciliation Qu&rsquo;est-ce que la domiciliation? En savoir plus Domiciliation d\u2019entreprise Toute soci\u00e9t\u00e9 enregistr\u00e9e en Belgique doit disposer d&rsquo;un si\u00e8ge social physique \u00e9tabli dans le Royaume de Belgique. La domiciliation correspond au si\u00e8ge social de la soci\u00e9t\u00e9, autrement dit, le lieu o\u00f9 arrive le courrier de la soci\u00e9t\u00e9 et [&hellip;]<\/p>\n","protected":false},"author":1,"featured_media":663,"parent":0,"menu_order":0,"comment_status":"closed","ping_status":"closed","template":"","meta":{"_eb_attr":"","footnotes":""},"class_list":["post-331","page","type-page","status-publish","has-post-thumbnail","hentry"],"_links":{"self":[{"href":"https:\/\/avava.center\/nl\/wp-json\/wp\/v2\/pages\/331","targetHints":{"allow":["GET"]}}],"collection":[{"href":"https:\/\/avava.center\/nl\/wp-json\/wp\/v2\/pages"}],"about":[{"href":"https:\/\/avava.center\/nl\/wp-json\/wp\/v2\/types\/page"}],"author":[{"embeddable":true,"href":"https:\/\/avava.center\/nl\/wp-json\/wp\/v2\/users\/1"}],"replies":[{"embeddable":true,"href":"https:\/\/avava.center\/nl\/wp-json\/wp\/v2\/comments?post=331"}],"version-history":[{"count":65,"href":"https:\/\/avava.center\/nl\/wp-json\/wp\/v2\/pages\/331\/revisions"}],"predecessor-version":[{"id":1885,"href":"https:\/\/avava.center\/nl\/wp-json\/wp\/v2\/pages\/331\/revisions\/1885"}],"wp:featuredmedia":[{"embeddable":true,"href":"https:\/\/avava.center\/nl\/wp-json\/wp\/v2\/media\/663"}],"wp:attachment":[{"href":"https:\/\/avava.center\/nl\/wp-json\/wp\/v2\/media?parent=331"}],"curies":[{"name":"wp","href":"https:\/\/api.w.org\/{rel}","templated":true}]}}