{"id":1036,"date":"2025-01-09T10:08:12","date_gmt":"2025-01-09T09:08:12","guid":{"rendered":"https:\/\/avava.center\/?page_id=1036"},"modified":"2025-10-30T15:14:53","modified_gmt":"2025-10-30T14:14:53","slug":"payroll-service","status":"publish","type":"page","link":"https:\/\/avava.center\/nl\/service-de-paie\/","title":{"rendered":"Salarisadministratie"},"content":{"rendered":"<div data-elementor-type=\"wp-page\" data-elementor-id=\"1036\" class=\"elementor elementor-1036\" data-elementor-post-type=\"page\">\n\t\t\t\t<div data-particle_enable=\"false\" data-particle-mobile-disabled=\"false\" class=\"elementor-element elementor-element-09b66bc e-flex e-con-boxed e-con e-parent\" data-id=\"09b66bc\" data-element_type=\"container\" data-e-type=\"container\" data-settings=\"{&quot;background_background&quot;:&quot;classic&quot;}\">\n\t\t\t\t\t<div class=\"e-con-inner\">\n\t\t<div data-particle_enable=\"false\" data-particle-mobile-disabled=\"false\" class=\"elementor-element elementor-element-b909ba6 e-con-full e-flex e-con e-child\" data-id=\"b909ba6\" data-element_type=\"container\" data-e-type=\"container\">\n\t\t<div data-particle_enable=\"false\" data-particle-mobile-disabled=\"false\" class=\"elementor-element elementor-element-ecbf86b e-con-full e-flex e-con e-child\" data-id=\"ecbf86b\" data-element_type=\"container\" data-e-type=\"container\">\n\t\t<div data-particle_enable=\"false\" data-particle-mobile-disabled=\"false\" class=\"elementor-element elementor-element-bb215bd e-con-full e-flex elementor-invisible e-con e-child\" data-id=\"bb215bd\" data-element_type=\"container\" data-e-type=\"container\" data-settings=\"{&quot;animation&quot;:&quot;fadeInLeft&quot;}\">\n\t\t\t\t<div class=\"elementor-element elementor-element-f3662c6 elementor-widget elementor-widget-heading\" data-id=\"f3662c6\" data-element_type=\"widget\" data-e-type=\"widget\" data-widget_type=\"heading.default\">\n\t\t\t\t<div class=\"elementor-widget-container\">\n\t\t\t\t\t<h1 class=\"elementor-heading-title elementor-size-default\">Salarisadministratie<\/h1>\t\t\t\t<\/div>\n\t\t\t\t<\/div>\n\t\t\t\t<div class=\"elementor-element elementor-element-1ea5c72 elementor-widget-divider--view-line elementor-widget elementor-widget-divider\" data-id=\"1ea5c72\" data-element_type=\"widget\" data-e-type=\"widget\" data-widget_type=\"divider.default\">\n\t\t\t\t<div class=\"elementor-widget-container\">\n\t\t\t\t\t\t\t<div class=\"elementor-divider\">\n\t\t\t<span class=\"elementor-divider-separator\">\n\t\t\t\t\t\t<\/span>\n\t\t<\/div>\n\t\t\t\t\t\t<\/div>\n\t\t\t\t<\/div>\n\t\t\t\t<div class=\"elementor-element elementor-element-9f3736e elementor-widget elementor-widget-heading\" data-id=\"9f3736e\" data-element_type=\"widget\" data-e-type=\"widget\" data-widget_type=\"heading.default\">\n\t\t\t\t<div class=\"elementor-widget-container\">\n\t\t\t\t\t<h2 class=\"elementor-heading-title elementor-size-default\">Jouw ideale zakencentrum voor kleine bedrijven en starters<\/h2>\t\t\t\t<\/div>\n\t\t\t\t<\/div>\n\t\t\t\t<div class=\"elementor-element elementor-element-8974641 elementor-align-left elementor-widget elementor-widget-button\" data-id=\"8974641\" data-element_type=\"widget\" data-e-type=\"widget\" data-widget_type=\"button.default\">\n\t\t\t\t<div class=\"elementor-widget-container\">\n\t\t\t\t\t\t\t\t\t<div class=\"elementor-button-wrapper\">\n\t\t\t\t\t<a class=\"elementor-button elementor-button-link elementor-size-sm elementor-animation-grow\" href=\"#scroll\">\n\t\t\t\t\t\t<span class=\"elementor-button-content-wrapper\">\n\t\t\t\t\t\t\t\t\t<span class=\"elementor-button-text\">Lees meer<\/span>\n\t\t\t\t\t<\/span>\n\t\t\t\t\t<\/a>\n\t\t\t\t<\/div>\n\t\t\t\t\t\t\t\t<\/div>\n\t\t\t\t<\/div>\n\t\t\t\t<\/div>\n\t\t<div data-particle_enable=\"false\" data-particle-mobile-disabled=\"false\" class=\"elementor-element elementor-element-6a03d6f e-con-full elementor-hidden-tablet elementor-hidden-mobile e-flex elementor-invisible e-con e-child\" data-id=\"6a03d6f\" data-element_type=\"container\" data-e-type=\"container\" data-settings=\"{&quot;animation&quot;:&quot;fadeInRight&quot;}\">\n\t\t\t\t<div class=\"elementor-element elementor-element-32a971a elementor-hidden-mobile elementor-widget elementor-widget-image\" data-id=\"32a971a\" data-element_type=\"widget\" data-e-type=\"widget\" data-settings=\"{&quot;motion_fx_motion_fx_mouse&quot;:&quot;yes&quot;,&quot;motion_fx_mouseTrack_effect&quot;:&quot;yes&quot;,&quot;motion_fx_mouseTrack_speed&quot;:{&quot;unit&quot;:&quot;px&quot;,&quot;size&quot;:0.1,&quot;sizes&quot;:[]}}\" data-widget_type=\"image.default\">\n\t\t\t\t<div class=\"elementor-widget-container\">\n\t\t\t\t\t\t\t\t\t\t\t\t\t\t\t<img fetchpriority=\"high\" decoding=\"async\" width=\"656\" height=\"216\" src=\"https:\/\/avava.center\/wp-content\/uploads\/logo-avava-png-YNqJVOXevwCRExqn.avif\" class=\"attachment-large size-large wp-image-306\" alt=\"avava\" title=\"\">\t\t\t\t\t\t\t\t\t\t\t\t\t\t\t<\/div>\n\t\t\t\t<\/div>\n\t\t\t\t<\/div>\n\t\t\t\t<\/div>\n\t\t\t\t<\/div>\n\t\t\t\t\t<\/div>\n\t\t\t\t<\/div>\n\t\t<div data-particle_enable=\"false\" data-particle-mobile-disabled=\"false\" class=\"elementor-element elementor-element-1913723 e-con-full e-flex e-con e-parent\" data-id=\"1913723\" data-element_type=\"container\" data-e-type=\"container\" id=\"scroll\">\n\t\t\t\t<div class=\"elementor-element elementor-element-0a5e412 elementor-widget elementor-widget-theme-site-logo elementor-widget-image\" data-id=\"0a5e412\" data-element_type=\"widget\" data-e-type=\"widget\" data-widget_type=\"theme-site-logo.default\">\n\t\t\t\t<div class=\"elementor-widget-container\">\n\t\t\t\t\t\t\t\t\t\t\t<a href=\"https:\/\/avava.center\/nl\">\n\t\t\t<img decoding=\"async\" width=\"656\" height=\"216\" src=\"https:\/\/avava.center\/wp-content\/uploads\/logo-avava-png-YNqJVOXevwCRExqn.avif\" class=\"attachment-full size-full wp-image-306\" alt=\"avava\" title=\"\">\t\t\t\t<\/a>\n\t\t\t\t\t\t\t\t\t\t\t<\/div>\n\t\t\t\t<\/div>\n\t\t\t\t<div class=\"elementor-element elementor-element-e9b9008 elementor-widget-divider--view-line elementor-widget elementor-widget-divider\" data-id=\"e9b9008\" data-element_type=\"widget\" data-e-type=\"widget\" data-widget_type=\"divider.default\">\n\t\t\t\t<div class=\"elementor-widget-container\">\n\t\t\t\t\t\t\t<div class=\"elementor-divider\">\n\t\t\t<span class=\"elementor-divider-separator\">\n\t\t\t\t\t\t<\/span>\n\t\t<\/div>\n\t\t\t\t\t\t<\/div>\n\t\t\t\t<\/div>\n\t\t\t\t<div class=\"elementor-element elementor-element-23f2c2f elementor-widget elementor-widget-text-editor\" data-id=\"23f2c2f\" data-element_type=\"widget\" data-e-type=\"widget\" data-widget_type=\"text-editor.default\">\n\t\t\t\t<div class=\"elementor-widget-container\">\n\t\t\t\t\t\t\t\t\t<p><strong>Dienstverlening<\/strong><\/p><p>We begrijpen dat salarisadministratie een complexe taak is die specialistische vaardigheden vereist, en dat het voor veel bedrijven vervelend kan zijn. Wij begrijpen dit, <strong>AVAVA HR<\/strong> biedt Belgische bedrijven payrolloplossingen op maat van de specifieke behoeften van bestuurders, managers en actieve partners, maar ook van werknemers en personeelsleden wanneer de organisatie daarom vraagt.<\/p><p><strong>Administratief beheer<\/strong><\/p><p><strong>AVAVA HR<\/strong> zorgt voor alle administratieve procedures die komen kijken bij het managen van personeel: van werving, het opstellen van arbeidscontracten, het berekenen van loonstroken en het beheren van socialezekerheidsverklaringen, tot en met terugkerende personeelsgerelateerde verplichtingen.<\/p><p>Wij bieden :<br \/>- Volledige afhandeling van socialezekerheidsformaliteiten; ;<br \/>- Persoonlijke, responsieve follow-up; ;<br \/>- Professionele expertise die voldoet aan wettelijke normen en bedrijfsverwachtingen.<\/p><p><strong>HR Juridische ondersteuning<\/strong><\/p><p>Aanvullende informatie, <strong>AVAVA HR<\/strong> zorgt ook voor <strong>juridische ondersteuning voor arbeidsrelaties<\/strong>, inclusief :<br \/>- Opstellen en aanpassen <strong>arbeidsovereenkomsten<\/strong> (arbeiders, bedienden, managers en leidinggevenden);<br \/>- Opstellen of bijwerken van de <strong>arbeidsreglement<\/strong> ;<br \/>- Beheer van handelingen, procedures en documenten met een sociale impact (waarschuwingen, opzeggingen, contractuele bijlagen, intern beleid, enz.).<br \/>Deze diensten garanderen naleving van de wet en beschermen werkgevers tegen sociale en juridische risico's.<\/p><p><strong>Personeelszaken en medische naleving<\/strong><\/p><p>Onze HR-consultants zijn gevoelig voor de realiteit in het veld (bouw, transport, horeca, enz.) en kunnen u helpen bij het maken van strategische en operationele keuzes:<br \/>- Werving, selectie en integratie van personeel ;<br \/>- Beloningsbeleid en arbeidskosten optimaliseren ;<br \/>- Strategische HR-ondersteuning.<\/p><p><strong>Gezondheid en veiligheid op het werk<\/strong><\/p><p>We hebben sterke samenwerkingsverbanden met erkende bedrijfsgezondheidsdiensten, waaronder <strong>MENSURA<\/strong>, De expertise van het bedrijf is gebaseerd op het vermogen om te voldoen aan de strengste eisen op het gebied van preventie, medische onderzoeken, certificering op de werkplek en naleving van de wet.<\/p><p><strong>Bescherming en verzekering<\/strong><\/p><p>Voor dekking voor managers en werknemers, <strong>AVAVA HR<\/strong> werkt met <strong>P&amp;V-garanties<\/strong>, een gevestigde leider in Belgi\u00eb, om verzekeringsoplossingen te garanderen die de re\u00eble risico's op het terrein weerspiegelen.<\/p><p>\u00a0<\/p><p>Door te kiezen voor <strong>AVAVA HR<\/strong>, Onder de voorwaarden van onze overeenkomst geeft u ons een mandaat om alle verplichte administratieve formaliteiten met betrekking tot salarisadministratie, arbeidsrecht en personeel te beheren, waardoor u wordt bevrijd van deze beperkingen en uw bedrijf meer zekerheid krijgt op het gebied van <strong>juridisch, sociaal en fiscaal<\/strong>.<\/p>\t\t\t\t\t\t\t\t<\/div>\n\t\t\t\t<\/div>\n\t\t\t\t<\/div>\n\t\t<div data-particle_enable=\"false\" data-particle-mobile-disabled=\"false\" class=\"elementor-element elementor-element-a6fbf53 e-con-full e-flex e-con e-parent\" data-id=\"a6fbf53\" data-element_type=\"container\" data-e-type=\"container\" data-settings=\"{&quot;background_background&quot;:&quot;gradient&quot;}\">\n\t\t<div data-particle_enable=\"false\" data-particle-mobile-disabled=\"false\" class=\"elementor-element elementor-element-b05d7ee e-con-full e-flex e-con e-child\" data-id=\"b05d7ee\" data-element_type=\"container\" data-e-type=\"container\">\n\t\t\t\t<div class=\"elementor-element elementor-element-d7d0978 elementor-widget elementor-widget-heading\" data-id=\"d7d0978\" data-element_type=\"widget\" data-e-type=\"widget\" data-widget_type=\"heading.default\">\n\t\t\t\t<div class=\"elementor-widget-container\">\n\t\t\t\t\t<h4 class=\"elementor-heading-title elementor-size-default\">Alles staat klaar om je te verwelkomen\n<\/h4>\t\t\t\t<\/div>\n\t\t\t\t<\/div>\n\t\t\t\t<div class=\"elementor-element elementor-element-2473c88 elementor-widget elementor-widget-text-editor\" data-id=\"2473c88\" data-element_type=\"widget\" data-e-type=\"widget\" data-widget_type=\"text-editor.default\">\n\t\t\t\t<div class=\"elementor-widget-container\">\n\t\t\t\t\t\t\t\t\t<p data-start=\"760\" data-end=\"985\">In Drogenbos en Anderlecht biedt AVAVA je alle diensten die je nodig hebt voor je bedrijf: domicili\u00ebring, aansluiting, vergunningen, kantoren en vergaderzalen. Gemakkelijke toegang en parkeergelegenheid op het terrein.<\/p>\t\t\t\t\t\t\t\t<\/div>\n\t\t\t\t<\/div>\n\t\t\t\t<\/div>\n\t\t<div data-particle_enable=\"false\" data-particle-mobile-disabled=\"false\" class=\"elementor-element elementor-element-c7aeb13 e-con-full e-flex e-con e-child\" data-id=\"c7aeb13\" data-element_type=\"container\" data-e-type=\"container\">\n\t\t\t\t<div class=\"elementor-element elementor-element-4a58811 elementor-widget elementor-widget-button\" data-id=\"4a58811\" data-element_type=\"widget\" data-e-type=\"widget\" data-widget_type=\"button.default\">\n\t\t\t\t<div class=\"elementor-widget-container\">\n\t\t\t\t\t\t\t\t\t<div class=\"elementor-button-wrapper\">\n\t\t\t\t\t<a class=\"elementor-button elementor-button-link elementor-size-sm elementor-animation-grow\" href=\"https:\/\/avava.center\/nl\/zakelijk-centrum\/#drogenbos\" target=\"_blank\">\n\t\t\t\t\t\t<span class=\"elementor-button-content-wrapper\">\n\t\t\t\t\t\t\t\t\t<span class=\"elementor-button-text\">DROGENBOS<\/span>\n\t\t\t\t\t<\/span>\n\t\t\t\t\t<\/a>\n\t\t\t\t<\/div>\n\t\t\t\t\t\t\t\t<\/div>\n\t\t\t\t<\/div>\n\t\t\t\t<div class=\"elementor-element elementor-element-4444479 elementor-widget elementor-widget-button\" data-id=\"4444479\" data-element_type=\"widget\" data-e-type=\"widget\" data-widget_type=\"button.default\">\n\t\t\t\t<div class=\"elementor-widget-container\">\n\t\t\t\t\t\t\t\t\t<div class=\"elementor-button-wrapper\">\n\t\t\t\t\t<a class=\"elementor-button elementor-button-link elementor-size-sm elementor-animation-grow\" href=\"https:\/\/avava.center\/nl\/zakelijk-centrum\/#anderlecht\" target=\"_blank\">\n\t\t\t\t\t\t<span class=\"elementor-button-content-wrapper\">\n\t\t\t\t\t\t\t\t\t<span class=\"elementor-button-text\">ANDERLECHT<\/span>\n\t\t\t\t\t<\/span>\n\t\t\t\t\t<\/a>\n\t\t\t\t<\/div>\n\t\t\t\t\t\t\t\t<\/div>\n\t\t\t\t<\/div>\n\t\t\t\t<\/div>\n\t\t\t\t<\/div>\n\t\t\t\t<\/div>","protected":false},"excerpt":{"rendered":"<p>Service de paie Votre Centre d&rsquo;Affaires Id\u00e9al pour Petites Entreprises et Startups En savoir plus Accueil des Services Nous comprenons que la gestion de la paie est une t\u00e2che complexe, n\u00e9cessitant des comp\u00e9tences sp\u00e9cialis\u00e9es, et qu\u2019elle peut s\u2019av\u00e9rer fastidieuse pour de nombreuses entreprises. Conscients de cette r\u00e9alit\u00e9, AVAVA HR propose aux entreprises belges des solutions [&hellip;]<\/p>\n","protected":false},"author":1,"featured_media":323,"parent":0,"menu_order":0,"comment_status":"closed","ping_status":"closed","template":"","meta":{"_eb_attr":"","footnotes":""},"class_list":["post-1036","page","type-page","status-publish","has-post-thumbnail","hentry"],"_links":{"self":[{"href":"https:\/\/avava.center\/nl\/wp-json\/wp\/v2\/pages\/1036","targetHints":{"allow":["GET"]}}],"collection":[{"href":"https:\/\/avava.center\/nl\/wp-json\/wp\/v2\/pages"}],"about":[{"href":"https:\/\/avava.center\/nl\/wp-json\/wp\/v2\/types\/page"}],"author":[{"embeddable":true,"href":"https:\/\/avava.center\/nl\/wp-json\/wp\/v2\/users\/1"}],"replies":[{"embeddable":true,"href":"https:\/\/avava.center\/nl\/wp-json\/wp\/v2\/comments?post=1036"}],"version-history":[{"count":22,"href":"https:\/\/avava.center\/nl\/wp-json\/wp\/v2\/pages\/1036\/revisions"}],"predecessor-version":[{"id":2019,"href":"https:\/\/avava.center\/nl\/wp-json\/wp\/v2\/pages\/1036\/revisions\/2019"}],"wp:featuredmedia":[{"embeddable":true,"href":"https:\/\/avava.center\/nl\/wp-json\/wp\/v2\/media\/323"}],"wp:attachment":[{"href":"https:\/\/avava.center\/nl\/wp-json\/wp\/v2\/media?parent=1036"}],"curies":[{"name":"wp","href":"https:\/\/api.w.org\/{rel}","templated":true}]}}